{"id":980,"date":"2019-01-24T15:53:20","date_gmt":"2019-01-24T15:53:20","guid":{"rendered":"https:\/\/www.larevente.art\/product\/francois-xavier-marange\/"},"modified":"2021-03-06T20:53:10","modified_gmt":"2021-03-06T20:53:10","slug":"francois-xavier-marange","status":"publish","type":"product","link":"https:\/\/www.larevente.art\/en\/product\/francois-xavier-marange\/","title":{"rendered":"Francois Xavier Marange"},"content":{"rendered":"<p>Born in France in 1948, Fran\u00e7ois-Xavier Marange moved in Montreal in 1982. He learned the art of etching at the Leblanc, Lacouri\u00e8re-Fr\u00e9laut and Maeght studios in Paris. He has worked with renowned artists such as Friedlander, Lam, Mir\u00f3, T\u00e0pies, Zao Wou-Ki and many others. Always keen to pass on what he has learned, Marange prepared the drawings and supervised the construction of a large press for Atelier Circulaire of Montreal.<\/p>\n<p>The artist has seen his work presented in solo exhibitions in Montreal, Quebec City, Ottawa, Vienna, Paris and Majorca, and has taken part in more than fifty group exhibitions including shows at Gallery Lib\u00e9ral Bruant (2005), the Toronto International Art Fair (2005) and the \u00cele-de-France International Engraving Biennial (2001). His work can be found in several public and private collections in Canada. Fran\u00e7ois-Xavier Marange died the 8 of October 2012.<\/p>\n<p>Source: <a href=\"http:\/\/www.galeriesimonblais.com\">http:\/\/www.galeriesimonblais.com<\/a><\/p>\n","protected":false},"excerpt":{"rendered":"<p>Francois Xavier Marange<br \/>\n<em>Le g\u00e9ographe<\/em><br \/>\nmixed media on wood panel<br \/>\n51 x 66 cm (20 x 26 in)<\/p>\n","protected":false},"featured_media":979,"template":"","meta":[],"product_brand":[],"product_cat":[54,64,53],"product_tag":[],"class_list":{"0":"post-980","1":"product","2":"type-product","3":"status-publish","4":"has-post-thumbnail","6":"product_cat-abstract-paintings","7":"product_cat-mixed-media","8":"product_cat-paintings","10":"first","11":"instock","12":"sold-individually","13":"taxable","14":"shipping-taxable","15":"purchasable","16":"product-type-simple"},"yoast_head":"<!-- This site is optimized with the Yoast SEO plugin v27.2 - https:\/\/yoast.com\/product\/yoast-seo-wordpress\/ -->\n<title>Francois Xavier Marange - La Revente<\/title>\n<meta name=\"robots\" content=\"index, follow, max-snippet:-1, max-image-preview:large, max-video-preview:-1\" \/>\n<link rel=\"canonical\" href=\"https:\/\/www.larevente.art\/en\/product\/francois-xavier-marange\/\" \/>\n<meta property=\"og:locale\" content=\"en_US\" \/>\n<meta property=\"og:type\" content=\"article\" \/>\n<meta property=\"og:title\" content=\"Francois Xavier Marange - La Revente\" \/>\n<meta property=\"og:description\" content=\"Francois Xavier Marange Le g\u00e9ographe mixed media on wood panel 51 x 66 cm (20 x 26 in)\" \/>\n<meta property=\"og:url\" content=\"https:\/\/www.larevente.art\/en\/product\/francois-xavier-marange\/\" \/>\n<meta property=\"og:site_name\" content=\"La Revente\" \/>\n<meta property=\"article:publisher\" content=\"https:\/\/www.facebook.com\/larevente.art\" \/>\n<meta property=\"article:modified_time\" content=\"2021-03-06T20:53:10+00:00\" \/>\n<meta property=\"og:image\" content=\"https:\/\/www.larevente.art\/wp-content\/uploads\/2019\/01\/02-Francois-Xavier-Marange-1.jpg\" \/>\n\t<meta property=\"og:image:width\" content=\"1536\" \/>\n\t<meta property=\"og:image:height\" content=\"1024\" \/>\n\t<meta property=\"og:image:type\" content=\"image\/jpeg\" \/>\n<meta name=\"twitter:card\" content=\"summary_large_image\" \/>\n<meta name=\"twitter:label1\" content=\"Est. reading time\" \/>\n\t<meta name=\"twitter:data1\" content=\"1 minute\" \/>\n<script type=\"application\/ld+json\" class=\"yoast-schema-graph\">{\"@context\":\"https:\/\/schema.org\",\"@graph\":[{\"@type\":\"WebPage\",\"@id\":\"https:\/\/www.larevente.art\/en\/product\/francois-xavier-marange\/\",\"url\":\"https:\/\/www.larevente.art\/en\/product\/francois-xavier-marange\/\",\"name\":\"Francois Xavier Marange - La Revente\",\"isPartOf\":{\"@id\":\"https:\/\/www.larevente.art\/en\/#website\"},\"primaryImageOfPage\":{\"@id\":\"https:\/\/www.larevente.art\/en\/product\/francois-xavier-marange\/#primaryimage\"},\"image\":{\"@id\":\"https:\/\/www.larevente.art\/en\/product\/francois-xavier-marange\/#primaryimage\"},\"thumbnailUrl\":\"https:\/\/www.larevente.art\/wp-content\/uploads\/2019\/01\/02-Francois-Xavier-Marange-1.jpg\",\"datePublished\":\"2019-01-24T15:53:20+00:00\",\"dateModified\":\"2021-03-06T20:53:10+00:00\",\"breadcrumb\":{\"@id\":\"https:\/\/www.larevente.art\/en\/product\/francois-xavier-marange\/#breadcrumb\"},\"inLanguage\":\"en-US\",\"potentialAction\":[{\"@type\":\"ReadAction\",\"target\":[\"https:\/\/www.larevente.art\/en\/product\/francois-xavier-marange\/\"]}]},{\"@type\":\"ImageObject\",\"inLanguage\":\"en-US\",\"@id\":\"https:\/\/www.larevente.art\/en\/product\/francois-xavier-marange\/#primaryimage\",\"url\":\"https:\/\/www.larevente.art\/wp-content\/uploads\/2019\/01\/02-Francois-Xavier-Marange-1.jpg\",\"contentUrl\":\"https:\/\/www.larevente.art\/wp-content\/uploads\/2019\/01\/02-Francois-Xavier-Marange-1.jpg\",\"width\":1536,\"height\":1024},{\"@type\":\"BreadcrumbList\",\"@id\":\"https:\/\/www.larevente.art\/en\/product\/francois-xavier-marange\/#breadcrumb\",\"itemListElement\":[{\"@type\":\"ListItem\",\"position\":1,\"name\":\"Home\",\"item\":\"https:\/\/www.larevente.art\/en\/\"},{\"@type\":\"ListItem\",\"position\":2,\"name\":\"Collections\",\"item\":\"https:\/\/www.larevente.art\/en\/\"},{\"@type\":\"ListItem\",\"position\":3,\"name\":\"Francois Xavier Marange\"}]},{\"@type\":\"WebSite\",\"@id\":\"https:\/\/www.larevente.art\/en\/#website\",\"url\":\"https:\/\/www.larevente.art\/en\/\",\"name\":\"La Revente\",\"description\":\"Vendre et acheter des \u0153uvres d&#039;art en ligne\",\"publisher\":{\"@id\":\"https:\/\/www.larevente.art\/en\/#organization\"},\"potentialAction\":[{\"@type\":\"SearchAction\",\"target\":{\"@type\":\"EntryPoint\",\"urlTemplate\":\"https:\/\/www.larevente.art\/en\/?s={search_term_string}\"},\"query-input\":{\"@type\":\"PropertyValueSpecification\",\"valueRequired\":true,\"valueName\":\"search_term_string\"}}],\"inLanguage\":\"en-US\"},{\"@type\":\"Organization\",\"@id\":\"https:\/\/www.larevente.art\/en\/#organization\",\"name\":\"La Revente\",\"url\":\"https:\/\/www.larevente.art\/en\/\",\"logo\":{\"@type\":\"ImageObject\",\"inLanguage\":\"en-US\",\"@id\":\"https:\/\/www.larevente.art\/en\/#\/schema\/logo\/image\/\",\"url\":\"https:\/\/www.larevente.art\/wp-content\/uploads\/2019\/01\/logo@2x.png\",\"contentUrl\":\"https:\/\/www.larevente.art\/wp-content\/uploads\/2019\/01\/logo@2x.png\",\"width\":680,\"height\":312,\"caption\":\"La Revente\"},\"image\":{\"@id\":\"https:\/\/www.larevente.art\/en\/#\/schema\/logo\/image\/\"},\"sameAs\":[\"https:\/\/www.facebook.com\/larevente.art\",\"https:\/\/www.instagram.com\/larevente.art\"]}]}<\/script>\n<!-- \/ Yoast SEO plugin. -->","yoast_head_json":{"title":"Francois Xavier Marange - La Revente","robots":{"index":"index","follow":"follow","max-snippet":"max-snippet:-1","max-image-preview":"max-image-preview:large","max-video-preview":"max-video-preview:-1"},"canonical":"https:\/\/www.larevente.art\/en\/product\/francois-xavier-marange\/","og_locale":"en_US","og_type":"article","og_title":"Francois Xavier Marange - La Revente","og_description":"Francois Xavier Marange Le g\u00e9ographe mixed media on wood panel 51 x 66 cm (20 x 26 in)","og_url":"https:\/\/www.larevente.art\/en\/product\/francois-xavier-marange\/","og_site_name":"La Revente","article_publisher":"https:\/\/www.facebook.com\/larevente.art","article_modified_time":"2021-03-06T20:53:10+00:00","og_image":[{"width":1536,"height":1024,"url":"https:\/\/www.larevente.art\/wp-content\/uploads\/2019\/01\/02-Francois-Xavier-Marange-1.jpg","type":"image\/jpeg"}],"twitter_card":"summary_large_image","twitter_misc":{"Est. reading time":"1 minute"},"schema":{"@context":"https:\/\/schema.org","@graph":[{"@type":"WebPage","@id":"https:\/\/www.larevente.art\/en\/product\/francois-xavier-marange\/","url":"https:\/\/www.larevente.art\/en\/product\/francois-xavier-marange\/","name":"Francois Xavier Marange - La Revente","isPartOf":{"@id":"https:\/\/www.larevente.art\/en\/#website"},"primaryImageOfPage":{"@id":"https:\/\/www.larevente.art\/en\/product\/francois-xavier-marange\/#primaryimage"},"image":{"@id":"https:\/\/www.larevente.art\/en\/product\/francois-xavier-marange\/#primaryimage"},"thumbnailUrl":"https:\/\/www.larevente.art\/wp-content\/uploads\/2019\/01\/02-Francois-Xavier-Marange-1.jpg","datePublished":"2019-01-24T15:53:20+00:00","dateModified":"2021-03-06T20:53:10+00:00","breadcrumb":{"@id":"https:\/\/www.larevente.art\/en\/product\/francois-xavier-marange\/#breadcrumb"},"inLanguage":"en-US","potentialAction":[{"@type":"ReadAction","target":["https:\/\/www.larevente.art\/en\/product\/francois-xavier-marange\/"]}]},{"@type":"ImageObject","inLanguage":"en-US","@id":"https:\/\/www.larevente.art\/en\/product\/francois-xavier-marange\/#primaryimage","url":"https:\/\/www.larevente.art\/wp-content\/uploads\/2019\/01\/02-Francois-Xavier-Marange-1.jpg","contentUrl":"https:\/\/www.larevente.art\/wp-content\/uploads\/2019\/01\/02-Francois-Xavier-Marange-1.jpg","width":1536,"height":1024},{"@type":"BreadcrumbList","@id":"https:\/\/www.larevente.art\/en\/product\/francois-xavier-marange\/#breadcrumb","itemListElement":[{"@type":"ListItem","position":1,"name":"Home","item":"https:\/\/www.larevente.art\/en\/"},{"@type":"ListItem","position":2,"name":"Collections","item":"https:\/\/www.larevente.art\/en\/"},{"@type":"ListItem","position":3,"name":"Francois Xavier Marange"}]},{"@type":"WebSite","@id":"https:\/\/www.larevente.art\/en\/#website","url":"https:\/\/www.larevente.art\/en\/","name":"La Revente","description":"Vendre et acheter des \u0153uvres d&#039;art en ligne","publisher":{"@id":"https:\/\/www.larevente.art\/en\/#organization"},"potentialAction":[{"@type":"SearchAction","target":{"@type":"EntryPoint","urlTemplate":"https:\/\/www.larevente.art\/en\/?s={search_term_string}"},"query-input":{"@type":"PropertyValueSpecification","valueRequired":true,"valueName":"search_term_string"}}],"inLanguage":"en-US"},{"@type":"Organization","@id":"https:\/\/www.larevente.art\/en\/#organization","name":"La Revente","url":"https:\/\/www.larevente.art\/en\/","logo":{"@type":"ImageObject","inLanguage":"en-US","@id":"https:\/\/www.larevente.art\/en\/#\/schema\/logo\/image\/","url":"https:\/\/www.larevente.art\/wp-content\/uploads\/2019\/01\/logo@2x.png","contentUrl":"https:\/\/www.larevente.art\/wp-content\/uploads\/2019\/01\/logo@2x.png","width":680,"height":312,"caption":"La Revente"},"image":{"@id":"https:\/\/www.larevente.art\/en\/#\/schema\/logo\/image\/"},"sameAs":["https:\/\/www.facebook.com\/larevente.art","https:\/\/www.instagram.com\/larevente.art"]}]}},"_links":{"self":[{"href":"https:\/\/www.larevente.art\/en\/wp-json\/wp\/v2\/product\/980","targetHints":{"allow":["GET"]}}],"collection":[{"href":"https:\/\/www.larevente.art\/en\/wp-json\/wp\/v2\/product"}],"about":[{"href":"https:\/\/www.larevente.art\/en\/wp-json\/wp\/v2\/types\/product"}],"wp:featuredmedia":[{"embeddable":true,"href":"https:\/\/www.larevente.art\/en\/wp-json\/wp\/v2\/media\/979"}],"wp:attachment":[{"href":"https:\/\/www.larevente.art\/en\/wp-json\/wp\/v2\/media?parent=980"}],"wp:term":[{"taxonomy":"product_brand","embeddable":true,"href":"https:\/\/www.larevente.art\/en\/wp-json\/wp\/v2\/product_brand?post=980"},{"taxonomy":"product_cat","embeddable":true,"href":"https:\/\/www.larevente.art\/en\/wp-json\/wp\/v2\/product_cat?post=980"},{"taxonomy":"product_tag","embeddable":true,"href":"https:\/\/www.larevente.art\/en\/wp-json\/wp\/v2\/product_tag?post=980"}],"curies":[{"name":"wp","href":"https:\/\/api.w.org\/{rel}","templated":true}]}}