{"id":808,"date":"2019-01-18T16:24:25","date_gmt":"2019-01-18T16:24:25","guid":{"rendered":"https:\/\/www.larevente.art\/product\/francine-larivee-2\/"},"modified":"2021-03-09T21:34:03","modified_gmt":"2021-03-09T21:34:03","slug":"francine-larivee-2","status":"publish","type":"product","link":"https:\/\/www.larevente.art\/en\/product\/francine-larivee-2\/","title":{"rendered":"Francine Lariv\u00e9e"},"content":{"rendered":"<p>Francine Lariv\u00e9e was born in Montr\u00e9al, where she lives and works. A graduate of the \u00c9cole des beaux-arts de Montr\u00e9al, she holds a bachelor\u2019s degree in art history and a master\u2019s degree in arts from the Universit\u00e9 du Qu\u00e9bec \u00e0 Montr\u00e9al. She made a striking entry into the world of visual arts in 1976 with the installation La Chambre nuptiale, an artwork dealing with relationships in couples that aroused much debate in Quebec circles at the time. Since then, Lariv\u00e9e\u2019s interest in performing arts has turned to land art. Her works of public art enhance gardens and public spaces in Canada and abroad. One of her most recent productions is the sculpture Les liens (2011), on display in front of the main entrance to H\u00f4pital Charles-LeMoyne, in Greenfield Park.<\/p>\n<p>Source: <a href=\"https:\/\/artpublicmontreal.ca\/\">https:\/\/artpublicmontreal.ca\/<\/a><\/p>\n","protected":false},"excerpt":{"rendered":"<p>Francine Lariv\u00e9e<br \/>\n<em>No.74<\/em>, s.d.<br \/>\nink on paper<br \/>\n21 x 27 cm<\/p>\n","protected":false},"featured_media":6309,"template":"","meta":[],"product_brand":[],"product_cat":[71],"product_tag":[],"class_list":{"0":"post-808","1":"product","2":"type-product","3":"status-publish","4":"has-post-thumbnail","6":"product_cat-works-on-paper","8":"first","9":"instock","10":"sold-individually","11":"taxable","12":"shipping-taxable","13":"purchasable","14":"product-type-simple"},"yoast_head":"<!-- This site is optimized with the Yoast SEO plugin v27.2 - https:\/\/yoast.com\/product\/yoast-seo-wordpress\/ -->\n<title>Francine Lariv\u00e9e - La Revente<\/title>\n<meta name=\"robots\" content=\"index, follow, max-snippet:-1, max-image-preview:large, max-video-preview:-1\" \/>\n<link rel=\"canonical\" href=\"https:\/\/www.larevente.art\/en\/product\/francine-larivee-2\/\" \/>\n<meta property=\"og:locale\" content=\"en_US\" \/>\n<meta property=\"og:type\" content=\"article\" \/>\n<meta property=\"og:title\" content=\"Francine Lariv\u00e9e - La Revente\" \/>\n<meta property=\"og:description\" content=\"Francine Lariv\u00e9e No.74, s.d. ink on paper 21 x 27 cm\" \/>\n<meta property=\"og:url\" content=\"https:\/\/www.larevente.art\/en\/product\/francine-larivee-2\/\" \/>\n<meta property=\"og:site_name\" content=\"La Revente\" \/>\n<meta property=\"article:publisher\" content=\"https:\/\/www.facebook.com\/larevente.art\" \/>\n<meta property=\"article:modified_time\" content=\"2021-03-09T21:34:03+00:00\" \/>\n<meta property=\"og:image\" content=\"https:\/\/www.larevente.art\/wp-content\/uploads\/2019\/01\/01-Francine-Larivee-2.jpg\" \/>\n\t<meta property=\"og:image:width\" content=\"1536\" \/>\n\t<meta property=\"og:image:height\" content=\"1024\" \/>\n\t<meta property=\"og:image:type\" content=\"image\/jpeg\" \/>\n<meta name=\"twitter:card\" content=\"summary_large_image\" \/>\n<meta name=\"twitter:label1\" content=\"Est. reading time\" \/>\n\t<meta name=\"twitter:data1\" content=\"1 minute\" \/>\n<script type=\"application\/ld+json\" class=\"yoast-schema-graph\">{\"@context\":\"https:\/\/schema.org\",\"@graph\":[{\"@type\":\"WebPage\",\"@id\":\"https:\/\/www.larevente.art\/en\/product\/francine-larivee-2\/\",\"url\":\"https:\/\/www.larevente.art\/en\/product\/francine-larivee-2\/\",\"name\":\"Francine Lariv\u00e9e - La Revente\",\"isPartOf\":{\"@id\":\"https:\/\/www.larevente.art\/en\/#website\"},\"primaryImageOfPage\":{\"@id\":\"https:\/\/www.larevente.art\/en\/product\/francine-larivee-2\/#primaryimage\"},\"image\":{\"@id\":\"https:\/\/www.larevente.art\/en\/product\/francine-larivee-2\/#primaryimage\"},\"thumbnailUrl\":\"https:\/\/www.larevente.art\/wp-content\/uploads\/2019\/01\/01-Francine-Larivee-2.jpg\",\"datePublished\":\"2019-01-18T16:24:25+00:00\",\"dateModified\":\"2021-03-09T21:34:03+00:00\",\"breadcrumb\":{\"@id\":\"https:\/\/www.larevente.art\/en\/product\/francine-larivee-2\/#breadcrumb\"},\"inLanguage\":\"en-US\",\"potentialAction\":[{\"@type\":\"ReadAction\",\"target\":[\"https:\/\/www.larevente.art\/en\/product\/francine-larivee-2\/\"]}]},{\"@type\":\"ImageObject\",\"inLanguage\":\"en-US\",\"@id\":\"https:\/\/www.larevente.art\/en\/product\/francine-larivee-2\/#primaryimage\",\"url\":\"https:\/\/www.larevente.art\/wp-content\/uploads\/2019\/01\/01-Francine-Larivee-2.jpg\",\"contentUrl\":\"https:\/\/www.larevente.art\/wp-content\/uploads\/2019\/01\/01-Francine-Larivee-2.jpg\",\"width\":1536,\"height\":1024,\"caption\":\"Francine Lariv\u00e9e\"},{\"@type\":\"BreadcrumbList\",\"@id\":\"https:\/\/www.larevente.art\/en\/product\/francine-larivee-2\/#breadcrumb\",\"itemListElement\":[{\"@type\":\"ListItem\",\"position\":1,\"name\":\"Home\",\"item\":\"https:\/\/www.larevente.art\/en\/\"},{\"@type\":\"ListItem\",\"position\":2,\"name\":\"Collections\",\"item\":\"https:\/\/www.larevente.art\/en\/\"},{\"@type\":\"ListItem\",\"position\":3,\"name\":\"Francine Lariv\u00e9e\"}]},{\"@type\":\"WebSite\",\"@id\":\"https:\/\/www.larevente.art\/en\/#website\",\"url\":\"https:\/\/www.larevente.art\/en\/\",\"name\":\"La Revente\",\"description\":\"Vendre et acheter des \u0153uvres d&#039;art en ligne\",\"publisher\":{\"@id\":\"https:\/\/www.larevente.art\/en\/#organization\"},\"potentialAction\":[{\"@type\":\"SearchAction\",\"target\":{\"@type\":\"EntryPoint\",\"urlTemplate\":\"https:\/\/www.larevente.art\/en\/?s={search_term_string}\"},\"query-input\":{\"@type\":\"PropertyValueSpecification\",\"valueRequired\":true,\"valueName\":\"search_term_string\"}}],\"inLanguage\":\"en-US\"},{\"@type\":\"Organization\",\"@id\":\"https:\/\/www.larevente.art\/en\/#organization\",\"name\":\"La Revente\",\"url\":\"https:\/\/www.larevente.art\/en\/\",\"logo\":{\"@type\":\"ImageObject\",\"inLanguage\":\"en-US\",\"@id\":\"https:\/\/www.larevente.art\/en\/#\/schema\/logo\/image\/\",\"url\":\"https:\/\/www.larevente.art\/wp-content\/uploads\/2019\/01\/logo@2x.png\",\"contentUrl\":\"https:\/\/www.larevente.art\/wp-content\/uploads\/2019\/01\/logo@2x.png\",\"width\":680,\"height\":312,\"caption\":\"La Revente\"},\"image\":{\"@id\":\"https:\/\/www.larevente.art\/en\/#\/schema\/logo\/image\/\"},\"sameAs\":[\"https:\/\/www.facebook.com\/larevente.art\",\"https:\/\/www.instagram.com\/larevente.art\"]}]}<\/script>\n<!-- \/ Yoast SEO plugin. -->","yoast_head_json":{"title":"Francine Lariv\u00e9e - La Revente","robots":{"index":"index","follow":"follow","max-snippet":"max-snippet:-1","max-image-preview":"max-image-preview:large","max-video-preview":"max-video-preview:-1"},"canonical":"https:\/\/www.larevente.art\/en\/product\/francine-larivee-2\/","og_locale":"en_US","og_type":"article","og_title":"Francine Lariv\u00e9e - La Revente","og_description":"Francine Lariv\u00e9e No.74, s.d. ink on paper 21 x 27 cm","og_url":"https:\/\/www.larevente.art\/en\/product\/francine-larivee-2\/","og_site_name":"La Revente","article_publisher":"https:\/\/www.facebook.com\/larevente.art","article_modified_time":"2021-03-09T21:34:03+00:00","og_image":[{"width":1536,"height":1024,"url":"https:\/\/www.larevente.art\/wp-content\/uploads\/2019\/01\/01-Francine-Larivee-2.jpg","type":"image\/jpeg"}],"twitter_card":"summary_large_image","twitter_misc":{"Est. reading time":"1 minute"},"schema":{"@context":"https:\/\/schema.org","@graph":[{"@type":"WebPage","@id":"https:\/\/www.larevente.art\/en\/product\/francine-larivee-2\/","url":"https:\/\/www.larevente.art\/en\/product\/francine-larivee-2\/","name":"Francine Lariv\u00e9e - La Revente","isPartOf":{"@id":"https:\/\/www.larevente.art\/en\/#website"},"primaryImageOfPage":{"@id":"https:\/\/www.larevente.art\/en\/product\/francine-larivee-2\/#primaryimage"},"image":{"@id":"https:\/\/www.larevente.art\/en\/product\/francine-larivee-2\/#primaryimage"},"thumbnailUrl":"https:\/\/www.larevente.art\/wp-content\/uploads\/2019\/01\/01-Francine-Larivee-2.jpg","datePublished":"2019-01-18T16:24:25+00:00","dateModified":"2021-03-09T21:34:03+00:00","breadcrumb":{"@id":"https:\/\/www.larevente.art\/en\/product\/francine-larivee-2\/#breadcrumb"},"inLanguage":"en-US","potentialAction":[{"@type":"ReadAction","target":["https:\/\/www.larevente.art\/en\/product\/francine-larivee-2\/"]}]},{"@type":"ImageObject","inLanguage":"en-US","@id":"https:\/\/www.larevente.art\/en\/product\/francine-larivee-2\/#primaryimage","url":"https:\/\/www.larevente.art\/wp-content\/uploads\/2019\/01\/01-Francine-Larivee-2.jpg","contentUrl":"https:\/\/www.larevente.art\/wp-content\/uploads\/2019\/01\/01-Francine-Larivee-2.jpg","width":1536,"height":1024,"caption":"Francine Lariv\u00e9e"},{"@type":"BreadcrumbList","@id":"https:\/\/www.larevente.art\/en\/product\/francine-larivee-2\/#breadcrumb","itemListElement":[{"@type":"ListItem","position":1,"name":"Home","item":"https:\/\/www.larevente.art\/en\/"},{"@type":"ListItem","position":2,"name":"Collections","item":"https:\/\/www.larevente.art\/en\/"},{"@type":"ListItem","position":3,"name":"Francine Lariv\u00e9e"}]},{"@type":"WebSite","@id":"https:\/\/www.larevente.art\/en\/#website","url":"https:\/\/www.larevente.art\/en\/","name":"La Revente","description":"Vendre et acheter des \u0153uvres d&#039;art en ligne","publisher":{"@id":"https:\/\/www.larevente.art\/en\/#organization"},"potentialAction":[{"@type":"SearchAction","target":{"@type":"EntryPoint","urlTemplate":"https:\/\/www.larevente.art\/en\/?s={search_term_string}"},"query-input":{"@type":"PropertyValueSpecification","valueRequired":true,"valueName":"search_term_string"}}],"inLanguage":"en-US"},{"@type":"Organization","@id":"https:\/\/www.larevente.art\/en\/#organization","name":"La Revente","url":"https:\/\/www.larevente.art\/en\/","logo":{"@type":"ImageObject","inLanguage":"en-US","@id":"https:\/\/www.larevente.art\/en\/#\/schema\/logo\/image\/","url":"https:\/\/www.larevente.art\/wp-content\/uploads\/2019\/01\/logo@2x.png","contentUrl":"https:\/\/www.larevente.art\/wp-content\/uploads\/2019\/01\/logo@2x.png","width":680,"height":312,"caption":"La Revente"},"image":{"@id":"https:\/\/www.larevente.art\/en\/#\/schema\/logo\/image\/"},"sameAs":["https:\/\/www.facebook.com\/larevente.art","https:\/\/www.instagram.com\/larevente.art"]}]}},"_links":{"self":[{"href":"https:\/\/www.larevente.art\/en\/wp-json\/wp\/v2\/product\/808","targetHints":{"allow":["GET"]}}],"collection":[{"href":"https:\/\/www.larevente.art\/en\/wp-json\/wp\/v2\/product"}],"about":[{"href":"https:\/\/www.larevente.art\/en\/wp-json\/wp\/v2\/types\/product"}],"wp:featuredmedia":[{"embeddable":true,"href":"https:\/\/www.larevente.art\/en\/wp-json\/wp\/v2\/media\/6309"}],"wp:attachment":[{"href":"https:\/\/www.larevente.art\/en\/wp-json\/wp\/v2\/media?parent=808"}],"wp:term":[{"taxonomy":"product_brand","embeddable":true,"href":"https:\/\/www.larevente.art\/en\/wp-json\/wp\/v2\/product_brand?post=808"},{"taxonomy":"product_cat","embeddable":true,"href":"https:\/\/www.larevente.art\/en\/wp-json\/wp\/v2\/product_cat?post=808"},{"taxonomy":"product_tag","embeddable":true,"href":"https:\/\/www.larevente.art\/en\/wp-json\/wp\/v2\/product_tag?post=808"}],"curies":[{"name":"wp","href":"https:\/\/api.w.org\/{rel}","templated":true}]}}