{"id":7742,"date":"2025-03-22T16:29:34","date_gmt":"2025-03-22T20:29:34","guid":{"rendered":"https:\/\/www.larevente.art\/product\/charles-daudelin\/"},"modified":"2025-03-22T16:32:26","modified_gmt":"2025-03-22T20:32:26","slug":"charles-daudelin","status":"publish","type":"product","link":"https:\/\/www.larevente.art\/en\/product\/charles-daudelin\/","title":{"rendered":"Charles Daudelin"},"content":{"rendered":"<p>Charles Daudelin, sculptor (b at Granby, Qu\u00e9 1 Oct 1920; d at Montr\u00e9al). He worked in the studio of Qu\u00e9bec goldsmith Gilles Beaugrand (1939-41), went to the \u00c9cole du meuble in Montr\u00e9al, and made 2 visits to New York (1943, 1948), where he worked with Fernand L\u00e9ger and Henri Laurens. He taught at the \u00c9cole des beaux-arts in Montr\u00e9al until 1967. The recipient of first prizes in the Concours artistiques du Qu\u00e9bec for painting (1946) and sculpture (1964), Daudelin created important pieces for the National Arts Centre (Ottawa), Palais de Justice (Montr\u00e9al), parliamentary fountain in Charlottetown and the Church of St-Thomas d&#8217;Aquin in St-Lambert.<\/p>\n<p>He also created the reredos in the Sacred Heart Chapel of Montr\u00e9al&#8217;s \u00c9glise Notre-Dame and was responsible for the artistic conception of Montr\u00e9al&#8217;s Mont-Royal metro station and of a fountain on Qu\u00e9bec Place in Paris.Daudelin made marionettes, created stage sets and illustrated several books. His work is held in private and public collections at home and abroad and has been featured in numerous exhibitions, including a major retrospective mounted by the Mus\u00e9e d&#8217;art contemporaine de Montr\u00e9al and the Mus\u00e9e du Qu\u00e9bec (1974). He received the Lynch-Staunton Award from the Canada Council (1972), the Prix Philippe-H\u00e9bert from the St-Jean-Baptiste Society of Montr\u00e9al (1981) and the Prix \u00c9mile-Borduas from the Qu\u00e9bec government (1985).<\/p>\n<p>Author MICHEL CHAMPAGNE (Canadian Encyclopedia)<\/p>\n","protected":false},"excerpt":{"rendered":"<p>Charles Daudelin<br \/>\n<em>Sans titre<\/em>, 1997<br \/>\nink on paper<br \/>\n17.8 x 16.5 cm (7 x 6.5 inches) <\/p>\n","protected":false},"featured_media":7741,"template":"","meta":[],"product_brand":[],"product_cat":[47,71],"product_tag":[],"class_list":{"0":"post-7742","1":"product","2":"type-product","3":"status-publish","4":"has-post-thumbnail","6":"product_cat-abstract-drawings","7":"product_cat-works-on-paper","9":"first","10":"instock","11":"sold-individually","12":"taxable","13":"shipping-taxable","14":"purchasable","15":"product-type-simple"},"yoast_head":"<!-- This site is optimized with the Yoast SEO plugin v27.2 - https:\/\/yoast.com\/product\/yoast-seo-wordpress\/ -->\n<title>Charles Daudelin - La Revente<\/title>\n<meta name=\"robots\" content=\"index, follow, max-snippet:-1, max-image-preview:large, max-video-preview:-1\" \/>\n<link rel=\"canonical\" href=\"https:\/\/www.larevente.art\/en\/product\/charles-daudelin\/\" \/>\n<meta property=\"og:locale\" content=\"en_US\" \/>\n<meta property=\"og:type\" content=\"article\" \/>\n<meta property=\"og:title\" content=\"Charles Daudelin - La Revente\" \/>\n<meta property=\"og:description\" content=\"Charles Daudelin Sans titre, 1997 ink on paper 17.8 x 16.5 cm (7 x 6.5 inches)\" \/>\n<meta property=\"og:url\" content=\"https:\/\/www.larevente.art\/en\/product\/charles-daudelin\/\" \/>\n<meta property=\"og:site_name\" content=\"La Revente\" \/>\n<meta property=\"article:publisher\" content=\"https:\/\/www.facebook.com\/larevente.art\" \/>\n<meta property=\"article:modified_time\" content=\"2025-03-22T20:32:26+00:00\" \/>\n<meta property=\"og:image\" content=\"https:\/\/www.larevente.art\/wp-content\/uploads\/2025\/03\/Charles-Daudelin.jpg\" \/>\n\t<meta property=\"og:image:width\" content=\"1536\" \/>\n\t<meta property=\"og:image:height\" content=\"1536\" \/>\n\t<meta property=\"og:image:type\" content=\"image\/jpeg\" \/>\n<meta name=\"twitter:card\" content=\"summary_large_image\" \/>\n<script type=\"application\/ld+json\" class=\"yoast-schema-graph\">{\"@context\":\"https:\/\/schema.org\",\"@graph\":[{\"@type\":\"WebPage\",\"@id\":\"https:\/\/www.larevente.art\/en\/product\/charles-daudelin\/\",\"url\":\"https:\/\/www.larevente.art\/en\/product\/charles-daudelin\/\",\"name\":\"Charles Daudelin - La Revente\",\"isPartOf\":{\"@id\":\"https:\/\/www.larevente.art\/en\/#website\"},\"primaryImageOfPage\":{\"@id\":\"https:\/\/www.larevente.art\/en\/product\/charles-daudelin\/#primaryimage\"},\"image\":{\"@id\":\"https:\/\/www.larevente.art\/en\/product\/charles-daudelin\/#primaryimage\"},\"thumbnailUrl\":\"https:\/\/www.larevente.art\/wp-content\/uploads\/2025\/03\/Charles-Daudelin.jpg\",\"datePublished\":\"2025-03-22T20:29:34+00:00\",\"dateModified\":\"2025-03-22T20:32:26+00:00\",\"breadcrumb\":{\"@id\":\"https:\/\/www.larevente.art\/en\/product\/charles-daudelin\/#breadcrumb\"},\"inLanguage\":\"en-US\",\"potentialAction\":[{\"@type\":\"ReadAction\",\"target\":[\"https:\/\/www.larevente.art\/en\/product\/charles-daudelin\/\"]}]},{\"@type\":\"ImageObject\",\"inLanguage\":\"en-US\",\"@id\":\"https:\/\/www.larevente.art\/en\/product\/charles-daudelin\/#primaryimage\",\"url\":\"https:\/\/www.larevente.art\/wp-content\/uploads\/2025\/03\/Charles-Daudelin.jpg\",\"contentUrl\":\"https:\/\/www.larevente.art\/wp-content\/uploads\/2025\/03\/Charles-Daudelin.jpg\",\"width\":1536,\"height\":1536,\"caption\":\"Charles Daudelin, Sans titre, 1997\"},{\"@type\":\"BreadcrumbList\",\"@id\":\"https:\/\/www.larevente.art\/en\/product\/charles-daudelin\/#breadcrumb\",\"itemListElement\":[{\"@type\":\"ListItem\",\"position\":1,\"name\":\"Home\",\"item\":\"https:\/\/www.larevente.art\/en\/\"},{\"@type\":\"ListItem\",\"position\":2,\"name\":\"Collections\",\"item\":\"https:\/\/www.larevente.art\/en\/\"},{\"@type\":\"ListItem\",\"position\":3,\"name\":\"Charles Daudelin\"}]},{\"@type\":\"WebSite\",\"@id\":\"https:\/\/www.larevente.art\/en\/#website\",\"url\":\"https:\/\/www.larevente.art\/en\/\",\"name\":\"La Revente\",\"description\":\"Vendre et acheter des \u0153uvres d&#039;art en ligne\",\"publisher\":{\"@id\":\"https:\/\/www.larevente.art\/en\/#organization\"},\"potentialAction\":[{\"@type\":\"SearchAction\",\"target\":{\"@type\":\"EntryPoint\",\"urlTemplate\":\"https:\/\/www.larevente.art\/en\/?s={search_term_string}\"},\"query-input\":{\"@type\":\"PropertyValueSpecification\",\"valueRequired\":true,\"valueName\":\"search_term_string\"}}],\"inLanguage\":\"en-US\"},{\"@type\":\"Organization\",\"@id\":\"https:\/\/www.larevente.art\/en\/#organization\",\"name\":\"La Revente\",\"url\":\"https:\/\/www.larevente.art\/en\/\",\"logo\":{\"@type\":\"ImageObject\",\"inLanguage\":\"en-US\",\"@id\":\"https:\/\/www.larevente.art\/en\/#\/schema\/logo\/image\/\",\"url\":\"https:\/\/www.larevente.art\/wp-content\/uploads\/2019\/01\/logo@2x.png\",\"contentUrl\":\"https:\/\/www.larevente.art\/wp-content\/uploads\/2019\/01\/logo@2x.png\",\"width\":680,\"height\":312,\"caption\":\"La Revente\"},\"image\":{\"@id\":\"https:\/\/www.larevente.art\/en\/#\/schema\/logo\/image\/\"},\"sameAs\":[\"https:\/\/www.facebook.com\/larevente.art\",\"https:\/\/www.instagram.com\/larevente.art\"]}]}<\/script>\n<!-- \/ Yoast SEO plugin. -->","yoast_head_json":{"title":"Charles Daudelin - La Revente","robots":{"index":"index","follow":"follow","max-snippet":"max-snippet:-1","max-image-preview":"max-image-preview:large","max-video-preview":"max-video-preview:-1"},"canonical":"https:\/\/www.larevente.art\/en\/product\/charles-daudelin\/","og_locale":"en_US","og_type":"article","og_title":"Charles Daudelin - La Revente","og_description":"Charles Daudelin Sans titre, 1997 ink on paper 17.8 x 16.5 cm (7 x 6.5 inches)","og_url":"https:\/\/www.larevente.art\/en\/product\/charles-daudelin\/","og_site_name":"La Revente","article_publisher":"https:\/\/www.facebook.com\/larevente.art","article_modified_time":"2025-03-22T20:32:26+00:00","og_image":[{"width":1536,"height":1536,"url":"https:\/\/www.larevente.art\/wp-content\/uploads\/2025\/03\/Charles-Daudelin.jpg","type":"image\/jpeg"}],"twitter_card":"summary_large_image","schema":{"@context":"https:\/\/schema.org","@graph":[{"@type":"WebPage","@id":"https:\/\/www.larevente.art\/en\/product\/charles-daudelin\/","url":"https:\/\/www.larevente.art\/en\/product\/charles-daudelin\/","name":"Charles Daudelin - La Revente","isPartOf":{"@id":"https:\/\/www.larevente.art\/en\/#website"},"primaryImageOfPage":{"@id":"https:\/\/www.larevente.art\/en\/product\/charles-daudelin\/#primaryimage"},"image":{"@id":"https:\/\/www.larevente.art\/en\/product\/charles-daudelin\/#primaryimage"},"thumbnailUrl":"https:\/\/www.larevente.art\/wp-content\/uploads\/2025\/03\/Charles-Daudelin.jpg","datePublished":"2025-03-22T20:29:34+00:00","dateModified":"2025-03-22T20:32:26+00:00","breadcrumb":{"@id":"https:\/\/www.larevente.art\/en\/product\/charles-daudelin\/#breadcrumb"},"inLanguage":"en-US","potentialAction":[{"@type":"ReadAction","target":["https:\/\/www.larevente.art\/en\/product\/charles-daudelin\/"]}]},{"@type":"ImageObject","inLanguage":"en-US","@id":"https:\/\/www.larevente.art\/en\/product\/charles-daudelin\/#primaryimage","url":"https:\/\/www.larevente.art\/wp-content\/uploads\/2025\/03\/Charles-Daudelin.jpg","contentUrl":"https:\/\/www.larevente.art\/wp-content\/uploads\/2025\/03\/Charles-Daudelin.jpg","width":1536,"height":1536,"caption":"Charles Daudelin, Sans titre, 1997"},{"@type":"BreadcrumbList","@id":"https:\/\/www.larevente.art\/en\/product\/charles-daudelin\/#breadcrumb","itemListElement":[{"@type":"ListItem","position":1,"name":"Home","item":"https:\/\/www.larevente.art\/en\/"},{"@type":"ListItem","position":2,"name":"Collections","item":"https:\/\/www.larevente.art\/en\/"},{"@type":"ListItem","position":3,"name":"Charles Daudelin"}]},{"@type":"WebSite","@id":"https:\/\/www.larevente.art\/en\/#website","url":"https:\/\/www.larevente.art\/en\/","name":"La Revente","description":"Vendre et acheter des \u0153uvres d&#039;art en ligne","publisher":{"@id":"https:\/\/www.larevente.art\/en\/#organization"},"potentialAction":[{"@type":"SearchAction","target":{"@type":"EntryPoint","urlTemplate":"https:\/\/www.larevente.art\/en\/?s={search_term_string}"},"query-input":{"@type":"PropertyValueSpecification","valueRequired":true,"valueName":"search_term_string"}}],"inLanguage":"en-US"},{"@type":"Organization","@id":"https:\/\/www.larevente.art\/en\/#organization","name":"La Revente","url":"https:\/\/www.larevente.art\/en\/","logo":{"@type":"ImageObject","inLanguage":"en-US","@id":"https:\/\/www.larevente.art\/en\/#\/schema\/logo\/image\/","url":"https:\/\/www.larevente.art\/wp-content\/uploads\/2019\/01\/logo@2x.png","contentUrl":"https:\/\/www.larevente.art\/wp-content\/uploads\/2019\/01\/logo@2x.png","width":680,"height":312,"caption":"La Revente"},"image":{"@id":"https:\/\/www.larevente.art\/en\/#\/schema\/logo\/image\/"},"sameAs":["https:\/\/www.facebook.com\/larevente.art","https:\/\/www.instagram.com\/larevente.art"]}]}},"_links":{"self":[{"href":"https:\/\/www.larevente.art\/en\/wp-json\/wp\/v2\/product\/7742","targetHints":{"allow":["GET"]}}],"collection":[{"href":"https:\/\/www.larevente.art\/en\/wp-json\/wp\/v2\/product"}],"about":[{"href":"https:\/\/www.larevente.art\/en\/wp-json\/wp\/v2\/types\/product"}],"wp:featuredmedia":[{"embeddable":true,"href":"https:\/\/www.larevente.art\/en\/wp-json\/wp\/v2\/media\/7741"}],"wp:attachment":[{"href":"https:\/\/www.larevente.art\/en\/wp-json\/wp\/v2\/media?parent=7742"}],"wp:term":[{"taxonomy":"product_brand","embeddable":true,"href":"https:\/\/www.larevente.art\/en\/wp-json\/wp\/v2\/product_brand?post=7742"},{"taxonomy":"product_cat","embeddable":true,"href":"https:\/\/www.larevente.art\/en\/wp-json\/wp\/v2\/product_cat?post=7742"},{"taxonomy":"product_tag","embeddable":true,"href":"https:\/\/www.larevente.art\/en\/wp-json\/wp\/v2\/product_tag?post=7742"}],"curies":[{"name":"wp","href":"https:\/\/api.w.org\/{rel}","templated":true}]}}