{"id":7579,"date":"2025-02-01T15:09:55","date_gmt":"2025-02-01T19:09:55","guid":{"rendered":"https:\/\/www.larevente.art\/product\/jacques-huet-3\/"},"modified":"2025-02-28T15:06:10","modified_gmt":"2025-02-28T19:06:10","slug":"jacques-huet-3","status":"publish","type":"product","link":"https:\/\/www.larevente.art\/en\/product\/jacques-huet-3\/","title":{"rendered":"Jacques Huet"},"content":{"rendered":"<p>Self-taught sculptor Jacques Huet worked in a range of mediums such as wood, aluminum, bronze and Plexiglas. A contemporary of Roussil, Daudelin and Vaillancourt, he led a career spanning several decades as reflected in his collection of awards: first place at the 4th Salon du printemps in Ville Saint-Laurent (1963); the Prix au Concours artistique de la province de Qu\u00e9bec (1970); the Premier grand prix in sculpture at the Gala international des arts visuels of the Cercle des Artistes Peintres et Sculpteurs du Qu\u00e9bec (1997); and the Premier grand prix in sculpture at the Cercle du Pluralisme in Laval (1998 and 1999). Huet was also featured in several films, including a documentary on Quebec sculpture produced for the Minist\u00e8re de l\u2019\u00c9ducation (Radio-Qu\u00e9bec); Une for\u00eat de symboles, a 1973 film by Paul V\u00e9zina on the 1966 Symposium de Qu\u00e9bec (ONF); a 1975 film about the Symposium de Matane; and a 1979 production on the Symposium de Terrebonne. In addition to holding solo exhibitions, he created several works for the integration of art into architecture, such as Les grandes mains at the Orford Arts Centre (1969); mural sculptures for both the administrative building of the Minist\u00e8re des Travaux Publics du Qu\u00e9bec and the Henri-Bourassa subway station in Montreal (1981); a sculpture screen and aluminum mural for the Centre hospitalier C\u00f4te-des-Neiges (Montreal, 1984); and a granite sculpture entitled Lieu d\u2019une culture for the Maison des Arts de Laval (1987).<\/p>\n","protected":false},"excerpt":{"rendered":"<p>Jacques Huet<br \/>\n<em>Sans titre<\/em>, 2003-2005<br \/>\nBronze<br \/>\n27 x 23 x 9 cm (10.75 x 9 x 3.5 in) <\/p>\n","protected":false},"featured_media":7576,"template":"","meta":[],"product_brand":[],"product_cat":[62,61],"product_tag":[],"class_list":{"0":"post-7579","1":"product","2":"type-product","3":"status-publish","4":"has-post-thumbnail","6":"product_cat-abstract-sculptures","7":"product_cat-sculptures-en","9":"first","10":"instock","11":"sold-individually","12":"taxable","13":"shipping-taxable","14":"purchasable","15":"product-type-simple"},"yoast_head":"<!-- This site is optimized with the Yoast SEO plugin v27.2 - https:\/\/yoast.com\/product\/yoast-seo-wordpress\/ -->\n<title>Jacques Huet - La Revente<\/title>\n<meta name=\"robots\" content=\"index, follow, max-snippet:-1, max-image-preview:large, max-video-preview:-1\" \/>\n<link rel=\"canonical\" href=\"https:\/\/www.larevente.art\/en\/product\/jacques-huet-3\/\" \/>\n<meta property=\"og:locale\" content=\"en_US\" \/>\n<meta property=\"og:type\" content=\"article\" \/>\n<meta property=\"og:title\" content=\"Jacques Huet - La Revente\" \/>\n<meta property=\"og:description\" content=\"Jacques Huet Sans titre, 2003-2005 Bronze 27 x 23 x 9 cm (10.75 x 9 x 3.5 in)\" \/>\n<meta property=\"og:url\" content=\"https:\/\/www.larevente.art\/en\/product\/jacques-huet-3\/\" \/>\n<meta property=\"og:site_name\" content=\"La Revente\" \/>\n<meta property=\"article:publisher\" content=\"https:\/\/www.facebook.com\/larevente.art\" \/>\n<meta property=\"article:modified_time\" content=\"2025-02-28T19:06:10+00:00\" \/>\n<meta property=\"og:image\" content=\"https:\/\/www.larevente.art\/wp-content\/uploads\/2025\/02\/Jacques-Huet-01.jpg\" \/>\n\t<meta property=\"og:image:width\" content=\"1536\" \/>\n\t<meta property=\"og:image:height\" content=\"1024\" \/>\n\t<meta property=\"og:image:type\" content=\"image\/jpeg\" \/>\n<meta name=\"twitter:card\" content=\"summary_large_image\" \/>\n<script type=\"application\/ld+json\" class=\"yoast-schema-graph\">{\"@context\":\"https:\/\/schema.org\",\"@graph\":[{\"@type\":\"WebPage\",\"@id\":\"https:\/\/www.larevente.art\/en\/product\/jacques-huet-3\/\",\"url\":\"https:\/\/www.larevente.art\/en\/product\/jacques-huet-3\/\",\"name\":\"Jacques Huet - La Revente\",\"isPartOf\":{\"@id\":\"https:\/\/www.larevente.art\/en\/#website\"},\"primaryImageOfPage\":{\"@id\":\"https:\/\/www.larevente.art\/en\/product\/jacques-huet-3\/#primaryimage\"},\"image\":{\"@id\":\"https:\/\/www.larevente.art\/en\/product\/jacques-huet-3\/#primaryimage\"},\"thumbnailUrl\":\"https:\/\/www.larevente.art\/wp-content\/uploads\/2025\/02\/Jacques-Huet-01.jpg\",\"datePublished\":\"2025-02-01T19:09:55+00:00\",\"dateModified\":\"2025-02-28T19:06:10+00:00\",\"breadcrumb\":{\"@id\":\"https:\/\/www.larevente.art\/en\/product\/jacques-huet-3\/#breadcrumb\"},\"inLanguage\":\"en-US\",\"potentialAction\":[{\"@type\":\"ReadAction\",\"target\":[\"https:\/\/www.larevente.art\/en\/product\/jacques-huet-3\/\"]}]},{\"@type\":\"ImageObject\",\"inLanguage\":\"en-US\",\"@id\":\"https:\/\/www.larevente.art\/en\/product\/jacques-huet-3\/#primaryimage\",\"url\":\"https:\/\/www.larevente.art\/wp-content\/uploads\/2025\/02\/Jacques-Huet-01.jpg\",\"contentUrl\":\"https:\/\/www.larevente.art\/wp-content\/uploads\/2025\/02\/Jacques-Huet-01.jpg\",\"width\":1536,\"height\":1024,\"caption\":\"Jacques Huet, Sans titre, 2003-2005\"},{\"@type\":\"BreadcrumbList\",\"@id\":\"https:\/\/www.larevente.art\/en\/product\/jacques-huet-3\/#breadcrumb\",\"itemListElement\":[{\"@type\":\"ListItem\",\"position\":1,\"name\":\"Home\",\"item\":\"https:\/\/www.larevente.art\/en\/\"},{\"@type\":\"ListItem\",\"position\":2,\"name\":\"Collections\",\"item\":\"https:\/\/www.larevente.art\/en\/\"},{\"@type\":\"ListItem\",\"position\":3,\"name\":\"Jacques Huet\"}]},{\"@type\":\"WebSite\",\"@id\":\"https:\/\/www.larevente.art\/en\/#website\",\"url\":\"https:\/\/www.larevente.art\/en\/\",\"name\":\"La Revente\",\"description\":\"Vendre et acheter des \u0153uvres d&#039;art en ligne\",\"publisher\":{\"@id\":\"https:\/\/www.larevente.art\/en\/#organization\"},\"potentialAction\":[{\"@type\":\"SearchAction\",\"target\":{\"@type\":\"EntryPoint\",\"urlTemplate\":\"https:\/\/www.larevente.art\/en\/?s={search_term_string}\"},\"query-input\":{\"@type\":\"PropertyValueSpecification\",\"valueRequired\":true,\"valueName\":\"search_term_string\"}}],\"inLanguage\":\"en-US\"},{\"@type\":\"Organization\",\"@id\":\"https:\/\/www.larevente.art\/en\/#organization\",\"name\":\"La Revente\",\"url\":\"https:\/\/www.larevente.art\/en\/\",\"logo\":{\"@type\":\"ImageObject\",\"inLanguage\":\"en-US\",\"@id\":\"https:\/\/www.larevente.art\/en\/#\/schema\/logo\/image\/\",\"url\":\"https:\/\/www.larevente.art\/wp-content\/uploads\/2019\/01\/logo@2x.png\",\"contentUrl\":\"https:\/\/www.larevente.art\/wp-content\/uploads\/2019\/01\/logo@2x.png\",\"width\":680,\"height\":312,\"caption\":\"La Revente\"},\"image\":{\"@id\":\"https:\/\/www.larevente.art\/en\/#\/schema\/logo\/image\/\"},\"sameAs\":[\"https:\/\/www.facebook.com\/larevente.art\",\"https:\/\/www.instagram.com\/larevente.art\"]}]}<\/script>\n<!-- \/ Yoast SEO plugin. -->","yoast_head_json":{"title":"Jacques Huet - La Revente","robots":{"index":"index","follow":"follow","max-snippet":"max-snippet:-1","max-image-preview":"max-image-preview:large","max-video-preview":"max-video-preview:-1"},"canonical":"https:\/\/www.larevente.art\/en\/product\/jacques-huet-3\/","og_locale":"en_US","og_type":"article","og_title":"Jacques Huet - La Revente","og_description":"Jacques Huet Sans titre, 2003-2005 Bronze 27 x 23 x 9 cm (10.75 x 9 x 3.5 in)","og_url":"https:\/\/www.larevente.art\/en\/product\/jacques-huet-3\/","og_site_name":"La Revente","article_publisher":"https:\/\/www.facebook.com\/larevente.art","article_modified_time":"2025-02-28T19:06:10+00:00","og_image":[{"width":1536,"height":1024,"url":"https:\/\/www.larevente.art\/wp-content\/uploads\/2025\/02\/Jacques-Huet-01.jpg","type":"image\/jpeg"}],"twitter_card":"summary_large_image","schema":{"@context":"https:\/\/schema.org","@graph":[{"@type":"WebPage","@id":"https:\/\/www.larevente.art\/en\/product\/jacques-huet-3\/","url":"https:\/\/www.larevente.art\/en\/product\/jacques-huet-3\/","name":"Jacques Huet - La Revente","isPartOf":{"@id":"https:\/\/www.larevente.art\/en\/#website"},"primaryImageOfPage":{"@id":"https:\/\/www.larevente.art\/en\/product\/jacques-huet-3\/#primaryimage"},"image":{"@id":"https:\/\/www.larevente.art\/en\/product\/jacques-huet-3\/#primaryimage"},"thumbnailUrl":"https:\/\/www.larevente.art\/wp-content\/uploads\/2025\/02\/Jacques-Huet-01.jpg","datePublished":"2025-02-01T19:09:55+00:00","dateModified":"2025-02-28T19:06:10+00:00","breadcrumb":{"@id":"https:\/\/www.larevente.art\/en\/product\/jacques-huet-3\/#breadcrumb"},"inLanguage":"en-US","potentialAction":[{"@type":"ReadAction","target":["https:\/\/www.larevente.art\/en\/product\/jacques-huet-3\/"]}]},{"@type":"ImageObject","inLanguage":"en-US","@id":"https:\/\/www.larevente.art\/en\/product\/jacques-huet-3\/#primaryimage","url":"https:\/\/www.larevente.art\/wp-content\/uploads\/2025\/02\/Jacques-Huet-01.jpg","contentUrl":"https:\/\/www.larevente.art\/wp-content\/uploads\/2025\/02\/Jacques-Huet-01.jpg","width":1536,"height":1024,"caption":"Jacques Huet, Sans titre, 2003-2005"},{"@type":"BreadcrumbList","@id":"https:\/\/www.larevente.art\/en\/product\/jacques-huet-3\/#breadcrumb","itemListElement":[{"@type":"ListItem","position":1,"name":"Home","item":"https:\/\/www.larevente.art\/en\/"},{"@type":"ListItem","position":2,"name":"Collections","item":"https:\/\/www.larevente.art\/en\/"},{"@type":"ListItem","position":3,"name":"Jacques Huet"}]},{"@type":"WebSite","@id":"https:\/\/www.larevente.art\/en\/#website","url":"https:\/\/www.larevente.art\/en\/","name":"La Revente","description":"Vendre et acheter des \u0153uvres d&#039;art en ligne","publisher":{"@id":"https:\/\/www.larevente.art\/en\/#organization"},"potentialAction":[{"@type":"SearchAction","target":{"@type":"EntryPoint","urlTemplate":"https:\/\/www.larevente.art\/en\/?s={search_term_string}"},"query-input":{"@type":"PropertyValueSpecification","valueRequired":true,"valueName":"search_term_string"}}],"inLanguage":"en-US"},{"@type":"Organization","@id":"https:\/\/www.larevente.art\/en\/#organization","name":"La Revente","url":"https:\/\/www.larevente.art\/en\/","logo":{"@type":"ImageObject","inLanguage":"en-US","@id":"https:\/\/www.larevente.art\/en\/#\/schema\/logo\/image\/","url":"https:\/\/www.larevente.art\/wp-content\/uploads\/2019\/01\/logo@2x.png","contentUrl":"https:\/\/www.larevente.art\/wp-content\/uploads\/2019\/01\/logo@2x.png","width":680,"height":312,"caption":"La Revente"},"image":{"@id":"https:\/\/www.larevente.art\/en\/#\/schema\/logo\/image\/"},"sameAs":["https:\/\/www.facebook.com\/larevente.art","https:\/\/www.instagram.com\/larevente.art"]}]}},"_links":{"self":[{"href":"https:\/\/www.larevente.art\/en\/wp-json\/wp\/v2\/product\/7579","targetHints":{"allow":["GET"]}}],"collection":[{"href":"https:\/\/www.larevente.art\/en\/wp-json\/wp\/v2\/product"}],"about":[{"href":"https:\/\/www.larevente.art\/en\/wp-json\/wp\/v2\/types\/product"}],"wp:featuredmedia":[{"embeddable":true,"href":"https:\/\/www.larevente.art\/en\/wp-json\/wp\/v2\/media\/7576"}],"wp:attachment":[{"href":"https:\/\/www.larevente.art\/en\/wp-json\/wp\/v2\/media?parent=7579"}],"wp:term":[{"taxonomy":"product_brand","embeddable":true,"href":"https:\/\/www.larevente.art\/en\/wp-json\/wp\/v2\/product_brand?post=7579"},{"taxonomy":"product_cat","embeddable":true,"href":"https:\/\/www.larevente.art\/en\/wp-json\/wp\/v2\/product_cat?post=7579"},{"taxonomy":"product_tag","embeddable":true,"href":"https:\/\/www.larevente.art\/en\/wp-json\/wp\/v2\/product_tag?post=7579"}],"curies":[{"name":"wp","href":"https:\/\/api.w.org\/{rel}","templated":true}]}}