{"id":7446,"date":"2025-01-22T18:24:17","date_gmt":"2025-01-22T22:24:17","guid":{"rendered":"https:\/\/www.larevente.art\/product\/veronique-chagnon-cote\/"},"modified":"2025-01-22T18:27:04","modified_gmt":"2025-01-22T22:27:04","slug":"veronique-chagnon-cote","status":"publish","type":"product","link":"https:\/\/www.larevente.art\/en\/product\/veronique-chagnon-cote\/","title":{"rendered":"V\u00e9ronique Chagnon-C\u00f4t\u00e9"},"content":{"rendered":"<p>V\u00e9ronique Chagnon C\u00f4t\u00e9 is a Montreal artist who recently graduated from Concordia University\u2019s Master of Fine Arts program (2016). Her work focuses on exploring the phenomenology of our perception of space in painting. Her work has been the subject of several solo exhibitions, including Petites pi\u00e8ces at FOFA Gallery (Montreal), Vous \u00eates ici at CIRCA art actuel (Montreal), M\u00e9andre at Zalucky Contemporary Gallery (Toronto) and Espaces incertains at Galerie B-312 (Montreal). Some of her works have been presented in group exhibitions such as 3D and OG KUSH with Alfa Gallery (Miami, USA), the Velvet Ropes Project (Copenhagen, Denmark), Le jardins des sp\u00e9culations at articule (Montreal) and Ignition 9 at Leonard &amp; Bina Ellen Art Gallery (Montreal). She was the recipient of the Dale and Nick Tedeschi Studio Arts Fellowship (2014-2015) and the Elizabeth Greenshields Foundation Fellowship (2020). Her work can be found in many private and public collections, including La collection Pr\u00eats d\u2019\u0153uvres d\u2019art du Mus\u00e9e national des beaux-arts du Qu\u00e9bec.<\/p>\n","protected":false},"excerpt":{"rendered":"<p>V\u00e9ronique Chagnon-C\u00f4t\u00e9<br \/>\n<em>L\u2019all\u00e9gorie<\/em>, 2021<br \/>\nAcrylic and acrylic transfer on wood panel<br \/>\n21.5 x 29 cm (8.5 x 11.4 po \/ in)<\/p>\n","protected":false},"featured_media":7445,"template":"","meta":[],"product_brand":[],"product_cat":[56,64,53],"product_tag":[],"class_list":{"0":"post-7446","1":"product","2":"type-product","3":"status-publish","4":"has-post-thumbnail","6":"product_cat-figurative-paintings","7":"product_cat-mixed-media","8":"product_cat-paintings","10":"first","11":"instock","12":"taxable","13":"shipping-taxable","14":"purchasable","15":"product-type-simple"},"yoast_head":"<!-- This site is optimized with the Yoast SEO plugin v27.2 - https:\/\/yoast.com\/product\/yoast-seo-wordpress\/ -->\n<title>V\u00e9ronique Chagnon-C\u00f4t\u00e9 - La Revente<\/title>\n<meta name=\"robots\" content=\"index, follow, max-snippet:-1, max-image-preview:large, max-video-preview:-1\" \/>\n<link rel=\"canonical\" href=\"https:\/\/www.larevente.art\/en\/product\/veronique-chagnon-cote\/\" \/>\n<meta property=\"og:locale\" content=\"en_US\" \/>\n<meta property=\"og:type\" content=\"article\" \/>\n<meta property=\"og:title\" content=\"V\u00e9ronique Chagnon-C\u00f4t\u00e9 - La Revente\" \/>\n<meta property=\"og:description\" content=\"V\u00e9ronique Chagnon-C\u00f4t\u00e9 L\u2019all\u00e9gorie, 2021 Acrylic and acrylic transfer on wood panel  21.5 x 29 cm (8.5 x 11.4 po \/ in)\" \/>\n<meta property=\"og:url\" content=\"https:\/\/www.larevente.art\/en\/product\/veronique-chagnon-cote\/\" \/>\n<meta property=\"og:site_name\" content=\"La Revente\" \/>\n<meta property=\"article:publisher\" content=\"https:\/\/www.facebook.com\/larevente.art\" \/>\n<meta property=\"article:modified_time\" content=\"2025-01-22T22:27:04+00:00\" \/>\n<meta property=\"og:image\" content=\"https:\/\/www.larevente.art\/wp-content\/uploads\/2025\/01\/Veronique-Chagnon-Cote-794x1030.jpg\" \/>\n\t<meta property=\"og:image:width\" content=\"794\" \/>\n\t<meta property=\"og:image:height\" content=\"1030\" \/>\n\t<meta property=\"og:image:type\" content=\"image\/jpeg\" \/>\n<meta name=\"twitter:card\" content=\"summary_large_image\" \/>\n<script type=\"application\/ld+json\" class=\"yoast-schema-graph\">{\"@context\":\"https:\/\/schema.org\",\"@graph\":[{\"@type\":\"WebPage\",\"@id\":\"https:\/\/www.larevente.art\/en\/product\/veronique-chagnon-cote\/\",\"url\":\"https:\/\/www.larevente.art\/en\/product\/veronique-chagnon-cote\/\",\"name\":\"V\u00e9ronique Chagnon-C\u00f4t\u00e9 - La Revente\",\"isPartOf\":{\"@id\":\"https:\/\/www.larevente.art\/en\/#website\"},\"primaryImageOfPage\":{\"@id\":\"https:\/\/www.larevente.art\/en\/product\/veronique-chagnon-cote\/#primaryimage\"},\"image\":{\"@id\":\"https:\/\/www.larevente.art\/en\/product\/veronique-chagnon-cote\/#primaryimage\"},\"thumbnailUrl\":\"https:\/\/www.larevente.art\/wp-content\/uploads\/2025\/01\/Veronique-Chagnon-Cote.jpg\",\"datePublished\":\"2025-01-22T22:24:17+00:00\",\"dateModified\":\"2025-01-22T22:27:04+00:00\",\"breadcrumb\":{\"@id\":\"https:\/\/www.larevente.art\/en\/product\/veronique-chagnon-cote\/#breadcrumb\"},\"inLanguage\":\"en-US\",\"potentialAction\":[{\"@type\":\"ReadAction\",\"target\":[\"https:\/\/www.larevente.art\/en\/product\/veronique-chagnon-cote\/\"]}]},{\"@type\":\"ImageObject\",\"inLanguage\":\"en-US\",\"@id\":\"https:\/\/www.larevente.art\/en\/product\/veronique-chagnon-cote\/#primaryimage\",\"url\":\"https:\/\/www.larevente.art\/wp-content\/uploads\/2025\/01\/Veronique-Chagnon-Cote.jpg\",\"contentUrl\":\"https:\/\/www.larevente.art\/wp-content\/uploads\/2025\/01\/Veronique-Chagnon-Cote.jpg\",\"width\":1536,\"height\":1992,\"caption\":\"V\u00e9ronique Chagnon-C\u00f4t\u00e9, L\u2019all\u00e9gorie, 2021\"},{\"@type\":\"BreadcrumbList\",\"@id\":\"https:\/\/www.larevente.art\/en\/product\/veronique-chagnon-cote\/#breadcrumb\",\"itemListElement\":[{\"@type\":\"ListItem\",\"position\":1,\"name\":\"Home\",\"item\":\"https:\/\/www.larevente.art\/en\/\"},{\"@type\":\"ListItem\",\"position\":2,\"name\":\"Collections\",\"item\":\"https:\/\/www.larevente.art\/en\/\"},{\"@type\":\"ListItem\",\"position\":3,\"name\":\"V\u00e9ronique Chagnon-C\u00f4t\u00e9\"}]},{\"@type\":\"WebSite\",\"@id\":\"https:\/\/www.larevente.art\/en\/#website\",\"url\":\"https:\/\/www.larevente.art\/en\/\",\"name\":\"La Revente\",\"description\":\"Vendre et acheter des \u0153uvres d&#039;art en ligne\",\"publisher\":{\"@id\":\"https:\/\/www.larevente.art\/en\/#organization\"},\"potentialAction\":[{\"@type\":\"SearchAction\",\"target\":{\"@type\":\"EntryPoint\",\"urlTemplate\":\"https:\/\/www.larevente.art\/en\/?s={search_term_string}\"},\"query-input\":{\"@type\":\"PropertyValueSpecification\",\"valueRequired\":true,\"valueName\":\"search_term_string\"}}],\"inLanguage\":\"en-US\"},{\"@type\":\"Organization\",\"@id\":\"https:\/\/www.larevente.art\/en\/#organization\",\"name\":\"La Revente\",\"url\":\"https:\/\/www.larevente.art\/en\/\",\"logo\":{\"@type\":\"ImageObject\",\"inLanguage\":\"en-US\",\"@id\":\"https:\/\/www.larevente.art\/en\/#\/schema\/logo\/image\/\",\"url\":\"https:\/\/www.larevente.art\/wp-content\/uploads\/2019\/01\/logo@2x.png\",\"contentUrl\":\"https:\/\/www.larevente.art\/wp-content\/uploads\/2019\/01\/logo@2x.png\",\"width\":680,\"height\":312,\"caption\":\"La Revente\"},\"image\":{\"@id\":\"https:\/\/www.larevente.art\/en\/#\/schema\/logo\/image\/\"},\"sameAs\":[\"https:\/\/www.facebook.com\/larevente.art\",\"https:\/\/www.instagram.com\/larevente.art\"]}]}<\/script>\n<!-- \/ Yoast SEO plugin. -->","yoast_head_json":{"title":"V\u00e9ronique Chagnon-C\u00f4t\u00e9 - La Revente","robots":{"index":"index","follow":"follow","max-snippet":"max-snippet:-1","max-image-preview":"max-image-preview:large","max-video-preview":"max-video-preview:-1"},"canonical":"https:\/\/www.larevente.art\/en\/product\/veronique-chagnon-cote\/","og_locale":"en_US","og_type":"article","og_title":"V\u00e9ronique Chagnon-C\u00f4t\u00e9 - La Revente","og_description":"V\u00e9ronique Chagnon-C\u00f4t\u00e9 L\u2019all\u00e9gorie, 2021 Acrylic and acrylic transfer on wood panel  21.5 x 29 cm (8.5 x 11.4 po \/ in)","og_url":"https:\/\/www.larevente.art\/en\/product\/veronique-chagnon-cote\/","og_site_name":"La Revente","article_publisher":"https:\/\/www.facebook.com\/larevente.art","article_modified_time":"2025-01-22T22:27:04+00:00","og_image":[{"width":794,"height":1030,"url":"https:\/\/www.larevente.art\/wp-content\/uploads\/2025\/01\/Veronique-Chagnon-Cote-794x1030.jpg","type":"image\/jpeg"}],"twitter_card":"summary_large_image","schema":{"@context":"https:\/\/schema.org","@graph":[{"@type":"WebPage","@id":"https:\/\/www.larevente.art\/en\/product\/veronique-chagnon-cote\/","url":"https:\/\/www.larevente.art\/en\/product\/veronique-chagnon-cote\/","name":"V\u00e9ronique Chagnon-C\u00f4t\u00e9 - La Revente","isPartOf":{"@id":"https:\/\/www.larevente.art\/en\/#website"},"primaryImageOfPage":{"@id":"https:\/\/www.larevente.art\/en\/product\/veronique-chagnon-cote\/#primaryimage"},"image":{"@id":"https:\/\/www.larevente.art\/en\/product\/veronique-chagnon-cote\/#primaryimage"},"thumbnailUrl":"https:\/\/www.larevente.art\/wp-content\/uploads\/2025\/01\/Veronique-Chagnon-Cote.jpg","datePublished":"2025-01-22T22:24:17+00:00","dateModified":"2025-01-22T22:27:04+00:00","breadcrumb":{"@id":"https:\/\/www.larevente.art\/en\/product\/veronique-chagnon-cote\/#breadcrumb"},"inLanguage":"en-US","potentialAction":[{"@type":"ReadAction","target":["https:\/\/www.larevente.art\/en\/product\/veronique-chagnon-cote\/"]}]},{"@type":"ImageObject","inLanguage":"en-US","@id":"https:\/\/www.larevente.art\/en\/product\/veronique-chagnon-cote\/#primaryimage","url":"https:\/\/www.larevente.art\/wp-content\/uploads\/2025\/01\/Veronique-Chagnon-Cote.jpg","contentUrl":"https:\/\/www.larevente.art\/wp-content\/uploads\/2025\/01\/Veronique-Chagnon-Cote.jpg","width":1536,"height":1992,"caption":"V\u00e9ronique Chagnon-C\u00f4t\u00e9, L\u2019all\u00e9gorie, 2021"},{"@type":"BreadcrumbList","@id":"https:\/\/www.larevente.art\/en\/product\/veronique-chagnon-cote\/#breadcrumb","itemListElement":[{"@type":"ListItem","position":1,"name":"Home","item":"https:\/\/www.larevente.art\/en\/"},{"@type":"ListItem","position":2,"name":"Collections","item":"https:\/\/www.larevente.art\/en\/"},{"@type":"ListItem","position":3,"name":"V\u00e9ronique Chagnon-C\u00f4t\u00e9"}]},{"@type":"WebSite","@id":"https:\/\/www.larevente.art\/en\/#website","url":"https:\/\/www.larevente.art\/en\/","name":"La Revente","description":"Vendre et acheter des \u0153uvres d&#039;art en ligne","publisher":{"@id":"https:\/\/www.larevente.art\/en\/#organization"},"potentialAction":[{"@type":"SearchAction","target":{"@type":"EntryPoint","urlTemplate":"https:\/\/www.larevente.art\/en\/?s={search_term_string}"},"query-input":{"@type":"PropertyValueSpecification","valueRequired":true,"valueName":"search_term_string"}}],"inLanguage":"en-US"},{"@type":"Organization","@id":"https:\/\/www.larevente.art\/en\/#organization","name":"La Revente","url":"https:\/\/www.larevente.art\/en\/","logo":{"@type":"ImageObject","inLanguage":"en-US","@id":"https:\/\/www.larevente.art\/en\/#\/schema\/logo\/image\/","url":"https:\/\/www.larevente.art\/wp-content\/uploads\/2019\/01\/logo@2x.png","contentUrl":"https:\/\/www.larevente.art\/wp-content\/uploads\/2019\/01\/logo@2x.png","width":680,"height":312,"caption":"La Revente"},"image":{"@id":"https:\/\/www.larevente.art\/en\/#\/schema\/logo\/image\/"},"sameAs":["https:\/\/www.facebook.com\/larevente.art","https:\/\/www.instagram.com\/larevente.art"]}]}},"_links":{"self":[{"href":"https:\/\/www.larevente.art\/en\/wp-json\/wp\/v2\/product\/7446","targetHints":{"allow":["GET"]}}],"collection":[{"href":"https:\/\/www.larevente.art\/en\/wp-json\/wp\/v2\/product"}],"about":[{"href":"https:\/\/www.larevente.art\/en\/wp-json\/wp\/v2\/types\/product"}],"wp:featuredmedia":[{"embeddable":true,"href":"https:\/\/www.larevente.art\/en\/wp-json\/wp\/v2\/media\/7445"}],"wp:attachment":[{"href":"https:\/\/www.larevente.art\/en\/wp-json\/wp\/v2\/media?parent=7446"}],"wp:term":[{"taxonomy":"product_brand","embeddable":true,"href":"https:\/\/www.larevente.art\/en\/wp-json\/wp\/v2\/product_brand?post=7446"},{"taxonomy":"product_cat","embeddable":true,"href":"https:\/\/www.larevente.art\/en\/wp-json\/wp\/v2\/product_cat?post=7446"},{"taxonomy":"product_tag","embeddable":true,"href":"https:\/\/www.larevente.art\/en\/wp-json\/wp\/v2\/product_tag?post=7446"}],"curies":[{"name":"wp","href":"https:\/\/api.w.org\/{rel}","templated":true}]}}