{"id":710,"date":"2019-01-18T15:08:41","date_gmt":"2019-01-18T15:08:41","guid":{"rendered":"https:\/\/www.larevente.art\/product\/fernand-toupin\/"},"modified":"2021-03-06T20:31:11","modified_gmt":"2021-03-06T20:31:11","slug":"fernand-toupin","status":"publish","type":"product","link":"https:\/\/www.larevente.art\/en\/product\/fernand-toupin\/","title":{"rendered":"Fernand Toupin"},"content":{"rendered":"<p>Known for his participation in the group Les Plasticiens, Fernand Toupin starts his artistic formation by taking drawing classes at Coll\u00e8ge Mont-Saint-Louis in Montr\u00e9al. He then studied at l\u2019\u00c9cole des Beaux-Arts de Montr\u00e9al. From 1949 to 1953, he works in Stanley Cosgrove\u2019s workshop.<\/p>\n<p>Toupin\u2019s artistic career really begins in 1954. In 1955, he signs with Louis Belzile, Jean-Paul J\u00e9r\u00f4me and Jauran (Rodolphe de Repentigny) the Plasticiens\u2019 Manifesto, written by Rodolphe de Repentigny. Opposed to the spontaneous and expressive art of the Automatists, Les Plasticiens endorse an art particularly inspired by Mondrian and will participate at a new painting movement\u2019s emergence in Qu\u00e9bec : the geometrical abstraction. Within this new movement, the image is considered like a bidimensional object that refuses any depth effect on the canvas. Fernand Toupin\u2019s \u201cshaped canvas\u201d or \u201cobject-canvas\u201d as the art critics named them, remain an important contribution from the artist to the movement.<\/p>\n<p>In 1959, Toupin\u2019s art engages in a new direction. Always interested by abstraction, the artist explores texture with a more abundant material on the canvas, where the pigments are mixed with marble dust. Toupin expresses his surrounding environment: Qu\u00e9bec\u2019s landscapes. \u201cI like to feel the simmering of things as they are made. The uprising of the waves. The freshness of the snow. The ubiquity of the minerals.\u201d In 1992, Fernand Toupin creates  a series of small canvas, which will materialize this idea. The \u00c9corces sous la neige (bark under the snow), are miniature artworks made of marble dust in which the artist has inserted small pieces of bark and other natural materials onto the canvas. These elements thus become small treasures carefully buried under the snow. Then, in 1993, he goes back to geometrical abstraction.<\/p>\n<p>Parallel to his painter career, Toupin was the exhibition Director for the Association des artistes non-figuratifs de Montr\u00e9al, from 1963 to 1974. In 1977, he is elected member of the Royal Canadian Academy of Arts (R.C.A). During the same year, he creates a mural titled \u201cHochelaga\u201d for the venue Wilfrid-Pelletier of Place-des-Arts.<\/p>\n<p>His paintings are part of numerous museums and public collections such as: Mus\u00e9e national des beaux-arts du Qu\u00e9bec\u2019s collection, the Mus\u00e9e d\u2019art contemporain de Montr\u00e9al, the Mus\u00e9e des beaux-arts de Montr\u00e9al and the Mus\u00e9e des beaux-arts du Canada as well as in several private collections in Canada, United-States and Europe.<\/p>\n","protected":false},"excerpt":{"rendered":"<p>Fernand Toupin<br \/>\n<em>Sans titre<\/em>, 1980<br \/>\nacrylic on canvas<br \/>\n20 x 15 cm (8 x 6 in)<\/p>\n","protected":false},"featured_media":6305,"template":"","meta":[],"product_brand":[],"product_cat":[54,53],"product_tag":[],"class_list":{"0":"post-710","1":"product","2":"type-product","3":"status-publish","4":"has-post-thumbnail","6":"product_cat-abstract-paintings","7":"product_cat-paintings","9":"first","10":"instock","11":"sold-individually","12":"taxable","13":"shipping-taxable","14":"purchasable","15":"product-type-simple"},"yoast_head":"<!-- This site is optimized with the Yoast SEO plugin v27.2 - https:\/\/yoast.com\/product\/yoast-seo-wordpress\/ -->\n<title>Fernand Toupin - La Revente<\/title>\n<meta name=\"robots\" content=\"index, follow, max-snippet:-1, max-image-preview:large, max-video-preview:-1\" \/>\n<link rel=\"canonical\" href=\"https:\/\/www.larevente.art\/en\/product\/fernand-toupin\/\" \/>\n<meta property=\"og:locale\" content=\"en_US\" \/>\n<meta property=\"og:type\" content=\"article\" \/>\n<meta property=\"og:title\" content=\"Fernand Toupin - La Revente\" \/>\n<meta property=\"og:description\" content=\"Fernand Toupin Sans titre, 1980 acrylic on canvas 20 x 15 cm (8 x 6 in)\" \/>\n<meta property=\"og:url\" content=\"https:\/\/www.larevente.art\/en\/product\/fernand-toupin\/\" \/>\n<meta property=\"og:site_name\" content=\"La Revente\" \/>\n<meta property=\"article:publisher\" content=\"https:\/\/www.facebook.com\/larevente.art\" \/>\n<meta property=\"article:modified_time\" content=\"2021-03-06T20:31:11+00:00\" \/>\n<meta property=\"og:image\" content=\"https:\/\/www.larevente.art\/wp-content\/uploads\/2019\/01\/01-Fernand-Toupin-1.jpg\" \/>\n\t<meta property=\"og:image:width\" content=\"1536\" \/>\n\t<meta property=\"og:image:height\" content=\"1024\" \/>\n\t<meta property=\"og:image:type\" content=\"image\/jpeg\" \/>\n<meta name=\"twitter:card\" content=\"summary_large_image\" \/>\n<meta name=\"twitter:label1\" content=\"Est. reading time\" \/>\n\t<meta name=\"twitter:data1\" content=\"2 minutes\" \/>\n<script type=\"application\/ld+json\" class=\"yoast-schema-graph\">{\"@context\":\"https:\/\/schema.org\",\"@graph\":[{\"@type\":\"WebPage\",\"@id\":\"https:\/\/www.larevente.art\/en\/product\/fernand-toupin\/\",\"url\":\"https:\/\/www.larevente.art\/en\/product\/fernand-toupin\/\",\"name\":\"Fernand Toupin - La Revente\",\"isPartOf\":{\"@id\":\"https:\/\/www.larevente.art\/en\/#website\"},\"primaryImageOfPage\":{\"@id\":\"https:\/\/www.larevente.art\/en\/product\/fernand-toupin\/#primaryimage\"},\"image\":{\"@id\":\"https:\/\/www.larevente.art\/en\/product\/fernand-toupin\/#primaryimage\"},\"thumbnailUrl\":\"https:\/\/www.larevente.art\/wp-content\/uploads\/2019\/01\/01-Fernand-Toupin-1.jpg\",\"datePublished\":\"2019-01-18T15:08:41+00:00\",\"dateModified\":\"2021-03-06T20:31:11+00:00\",\"breadcrumb\":{\"@id\":\"https:\/\/www.larevente.art\/en\/product\/fernand-toupin\/#breadcrumb\"},\"inLanguage\":\"en-US\",\"potentialAction\":[{\"@type\":\"ReadAction\",\"target\":[\"https:\/\/www.larevente.art\/en\/product\/fernand-toupin\/\"]}]},{\"@type\":\"ImageObject\",\"inLanguage\":\"en-US\",\"@id\":\"https:\/\/www.larevente.art\/en\/product\/fernand-toupin\/#primaryimage\",\"url\":\"https:\/\/www.larevente.art\/wp-content\/uploads\/2019\/01\/01-Fernand-Toupin-1.jpg\",\"contentUrl\":\"https:\/\/www.larevente.art\/wp-content\/uploads\/2019\/01\/01-Fernand-Toupin-1.jpg\",\"width\":1536,\"height\":1024},{\"@type\":\"BreadcrumbList\",\"@id\":\"https:\/\/www.larevente.art\/en\/product\/fernand-toupin\/#breadcrumb\",\"itemListElement\":[{\"@type\":\"ListItem\",\"position\":1,\"name\":\"Home\",\"item\":\"https:\/\/www.larevente.art\/en\/\"},{\"@type\":\"ListItem\",\"position\":2,\"name\":\"Collections\",\"item\":\"https:\/\/www.larevente.art\/en\/\"},{\"@type\":\"ListItem\",\"position\":3,\"name\":\"Fernand Toupin\"}]},{\"@type\":\"WebSite\",\"@id\":\"https:\/\/www.larevente.art\/en\/#website\",\"url\":\"https:\/\/www.larevente.art\/en\/\",\"name\":\"La Revente\",\"description\":\"Vendre et acheter des \u0153uvres d&#039;art en ligne\",\"publisher\":{\"@id\":\"https:\/\/www.larevente.art\/en\/#organization\"},\"potentialAction\":[{\"@type\":\"SearchAction\",\"target\":{\"@type\":\"EntryPoint\",\"urlTemplate\":\"https:\/\/www.larevente.art\/en\/?s={search_term_string}\"},\"query-input\":{\"@type\":\"PropertyValueSpecification\",\"valueRequired\":true,\"valueName\":\"search_term_string\"}}],\"inLanguage\":\"en-US\"},{\"@type\":\"Organization\",\"@id\":\"https:\/\/www.larevente.art\/en\/#organization\",\"name\":\"La Revente\",\"url\":\"https:\/\/www.larevente.art\/en\/\",\"logo\":{\"@type\":\"ImageObject\",\"inLanguage\":\"en-US\",\"@id\":\"https:\/\/www.larevente.art\/en\/#\/schema\/logo\/image\/\",\"url\":\"https:\/\/www.larevente.art\/wp-content\/uploads\/2019\/01\/logo@2x.png\",\"contentUrl\":\"https:\/\/www.larevente.art\/wp-content\/uploads\/2019\/01\/logo@2x.png\",\"width\":680,\"height\":312,\"caption\":\"La Revente\"},\"image\":{\"@id\":\"https:\/\/www.larevente.art\/en\/#\/schema\/logo\/image\/\"},\"sameAs\":[\"https:\/\/www.facebook.com\/larevente.art\",\"https:\/\/www.instagram.com\/larevente.art\"]}]}<\/script>\n<!-- \/ Yoast SEO plugin. -->","yoast_head_json":{"title":"Fernand Toupin - La Revente","robots":{"index":"index","follow":"follow","max-snippet":"max-snippet:-1","max-image-preview":"max-image-preview:large","max-video-preview":"max-video-preview:-1"},"canonical":"https:\/\/www.larevente.art\/en\/product\/fernand-toupin\/","og_locale":"en_US","og_type":"article","og_title":"Fernand Toupin - La Revente","og_description":"Fernand Toupin Sans titre, 1980 acrylic on canvas 20 x 15 cm (8 x 6 in)","og_url":"https:\/\/www.larevente.art\/en\/product\/fernand-toupin\/","og_site_name":"La Revente","article_publisher":"https:\/\/www.facebook.com\/larevente.art","article_modified_time":"2021-03-06T20:31:11+00:00","og_image":[{"width":1536,"height":1024,"url":"https:\/\/www.larevente.art\/wp-content\/uploads\/2019\/01\/01-Fernand-Toupin-1.jpg","type":"image\/jpeg"}],"twitter_card":"summary_large_image","twitter_misc":{"Est. reading time":"2 minutes"},"schema":{"@context":"https:\/\/schema.org","@graph":[{"@type":"WebPage","@id":"https:\/\/www.larevente.art\/en\/product\/fernand-toupin\/","url":"https:\/\/www.larevente.art\/en\/product\/fernand-toupin\/","name":"Fernand Toupin - La Revente","isPartOf":{"@id":"https:\/\/www.larevente.art\/en\/#website"},"primaryImageOfPage":{"@id":"https:\/\/www.larevente.art\/en\/product\/fernand-toupin\/#primaryimage"},"image":{"@id":"https:\/\/www.larevente.art\/en\/product\/fernand-toupin\/#primaryimage"},"thumbnailUrl":"https:\/\/www.larevente.art\/wp-content\/uploads\/2019\/01\/01-Fernand-Toupin-1.jpg","datePublished":"2019-01-18T15:08:41+00:00","dateModified":"2021-03-06T20:31:11+00:00","breadcrumb":{"@id":"https:\/\/www.larevente.art\/en\/product\/fernand-toupin\/#breadcrumb"},"inLanguage":"en-US","potentialAction":[{"@type":"ReadAction","target":["https:\/\/www.larevente.art\/en\/product\/fernand-toupin\/"]}]},{"@type":"ImageObject","inLanguage":"en-US","@id":"https:\/\/www.larevente.art\/en\/product\/fernand-toupin\/#primaryimage","url":"https:\/\/www.larevente.art\/wp-content\/uploads\/2019\/01\/01-Fernand-Toupin-1.jpg","contentUrl":"https:\/\/www.larevente.art\/wp-content\/uploads\/2019\/01\/01-Fernand-Toupin-1.jpg","width":1536,"height":1024},{"@type":"BreadcrumbList","@id":"https:\/\/www.larevente.art\/en\/product\/fernand-toupin\/#breadcrumb","itemListElement":[{"@type":"ListItem","position":1,"name":"Home","item":"https:\/\/www.larevente.art\/en\/"},{"@type":"ListItem","position":2,"name":"Collections","item":"https:\/\/www.larevente.art\/en\/"},{"@type":"ListItem","position":3,"name":"Fernand Toupin"}]},{"@type":"WebSite","@id":"https:\/\/www.larevente.art\/en\/#website","url":"https:\/\/www.larevente.art\/en\/","name":"La Revente","description":"Vendre et acheter des \u0153uvres d&#039;art en ligne","publisher":{"@id":"https:\/\/www.larevente.art\/en\/#organization"},"potentialAction":[{"@type":"SearchAction","target":{"@type":"EntryPoint","urlTemplate":"https:\/\/www.larevente.art\/en\/?s={search_term_string}"},"query-input":{"@type":"PropertyValueSpecification","valueRequired":true,"valueName":"search_term_string"}}],"inLanguage":"en-US"},{"@type":"Organization","@id":"https:\/\/www.larevente.art\/en\/#organization","name":"La Revente","url":"https:\/\/www.larevente.art\/en\/","logo":{"@type":"ImageObject","inLanguage":"en-US","@id":"https:\/\/www.larevente.art\/en\/#\/schema\/logo\/image\/","url":"https:\/\/www.larevente.art\/wp-content\/uploads\/2019\/01\/logo@2x.png","contentUrl":"https:\/\/www.larevente.art\/wp-content\/uploads\/2019\/01\/logo@2x.png","width":680,"height":312,"caption":"La Revente"},"image":{"@id":"https:\/\/www.larevente.art\/en\/#\/schema\/logo\/image\/"},"sameAs":["https:\/\/www.facebook.com\/larevente.art","https:\/\/www.instagram.com\/larevente.art"]}]}},"_links":{"self":[{"href":"https:\/\/www.larevente.art\/en\/wp-json\/wp\/v2\/product\/710","targetHints":{"allow":["GET"]}}],"collection":[{"href":"https:\/\/www.larevente.art\/en\/wp-json\/wp\/v2\/product"}],"about":[{"href":"https:\/\/www.larevente.art\/en\/wp-json\/wp\/v2\/types\/product"}],"wp:featuredmedia":[{"embeddable":true,"href":"https:\/\/www.larevente.art\/en\/wp-json\/wp\/v2\/media\/6305"}],"wp:attachment":[{"href":"https:\/\/www.larevente.art\/en\/wp-json\/wp\/v2\/media?parent=710"}],"wp:term":[{"taxonomy":"product_brand","embeddable":true,"href":"https:\/\/www.larevente.art\/en\/wp-json\/wp\/v2\/product_brand?post=710"},{"taxonomy":"product_cat","embeddable":true,"href":"https:\/\/www.larevente.art\/en\/wp-json\/wp\/v2\/product_cat?post=710"},{"taxonomy":"product_tag","embeddable":true,"href":"https:\/\/www.larevente.art\/en\/wp-json\/wp\/v2\/product_tag?post=710"}],"curies":[{"name":"wp","href":"https:\/\/api.w.org\/{rel}","templated":true}]}}