{"id":6869,"date":"2022-08-16T15:32:04","date_gmt":"2022-08-16T15:32:04","guid":{"rendered":"https:\/\/www.larevente.art\/product\/jean-paul-jerome-2\/"},"modified":"2022-08-16T15:35:57","modified_gmt":"2022-08-16T15:35:57","slug":"jean-paul-jerome-2","status":"publish","type":"product","link":"https:\/\/www.larevente.art\/en\/product\/jean-paul-jerome-2\/","title":{"rendered":"Jean-Paul J\u00e9r\u00f4me"},"content":{"rendered":"<p>Born in Montr\u00e9al on February 19, 1928, Jean-Paul J\u00e9r\u00f4medied on August 14, 2004. A student at the \u00c9cole des beaux-arts in Montr\u00e9al from 1945 to 1952, he went on to learn fresco techniques from Stanley Cosgrove. Along with Rodolphe de Repentigny (Jauran), Louis Belzile and Fernand Toupin, he was one of the signers of the 1955 Manifeste des plasticiens. A stay in Paris between 1956 and 1958 enabled him to meet the artists Giacometti, Vasarely, Hans Hartung and Martin Barr\u00e9. Upon his return to Qu\u00e9bec, he taught at the \u00c9cole des beaux-arts in Montr\u00e9al, and then in Sorel, until 1973. Works byJean-Paul J\u00e9r\u00f4me have been shown in over one hundred solo and group exhibitions in galleries and museums located throughout Canada, and are included in many of the country\u2019s public and private collections. Moreover, a number of publications have examined the entire range of his work, as well as the various stages of his artistic development.<\/p>\n<p>Source : <a href=\"https:\/\/www.galeriesimonblais.com\/en\/artists\/jean-paul-jerome\">www.galeriesimonblais.com<\/a><\/p>\n","protected":false},"excerpt":{"rendered":"<p>Jean-Paul J\u00e9r\u00f4me<br \/>\n<em>Congo<\/em>, 1984<br \/>\nacrylic on linen<br \/>\n71 x 59,5 cm<\/p>\n","protected":false},"featured_media":6872,"template":"","meta":[],"product_brand":[],"product_cat":[54,53],"product_tag":[],"class_list":{"0":"post-6869","1":"product","2":"type-product","3":"status-publish","4":"has-post-thumbnail","6":"product_cat-abstract-paintings","7":"product_cat-paintings","9":"first","10":"instock","11":"sold-individually","12":"taxable","13":"shipping-taxable","14":"purchasable","15":"product-type-simple"},"yoast_head":"<!-- This site is optimized with the Yoast SEO plugin v27.2 - https:\/\/yoast.com\/product\/yoast-seo-wordpress\/ -->\n<title>Jean-Paul J\u00e9r\u00f4me - La Revente<\/title>\n<meta name=\"robots\" content=\"index, follow, max-snippet:-1, max-image-preview:large, max-video-preview:-1\" \/>\n<link rel=\"canonical\" href=\"https:\/\/www.larevente.art\/en\/product\/jean-paul-jerome-2\/\" \/>\n<meta property=\"og:locale\" content=\"en_US\" \/>\n<meta property=\"og:type\" content=\"article\" \/>\n<meta property=\"og:title\" content=\"Jean-Paul J\u00e9r\u00f4me - La Revente\" \/>\n<meta property=\"og:description\" content=\"Jean-Paul J\u00e9r\u00f4me Congo, 1984 acrylic on linen 71 x 59,5 cm\" \/>\n<meta property=\"og:url\" content=\"https:\/\/www.larevente.art\/en\/product\/jean-paul-jerome-2\/\" \/>\n<meta property=\"og:site_name\" content=\"La Revente\" \/>\n<meta property=\"article:publisher\" content=\"https:\/\/www.facebook.com\/larevente.art\" \/>\n<meta property=\"article:modified_time\" content=\"2022-08-16T15:35:57+00:00\" \/>\n<meta property=\"og:image\" content=\"https:\/\/www.larevente.art\/wp-content\/uploads\/2022\/08\/Jean-Paul-Jerome-Congo.jpg\" \/>\n\t<meta property=\"og:image:width\" content=\"1536\" \/>\n\t<meta property=\"og:image:height\" content=\"1857\" \/>\n\t<meta property=\"og:image:type\" content=\"image\/jpeg\" \/>\n<meta name=\"twitter:card\" content=\"summary_large_image\" \/>\n<meta name=\"twitter:label1\" content=\"Est. reading time\" \/>\n\t<meta name=\"twitter:data1\" content=\"1 minute\" \/>\n<script type=\"application\/ld+json\" class=\"yoast-schema-graph\">{\"@context\":\"https:\/\/schema.org\",\"@graph\":[{\"@type\":\"WebPage\",\"@id\":\"https:\/\/www.larevente.art\/en\/product\/jean-paul-jerome-2\/\",\"url\":\"https:\/\/www.larevente.art\/en\/product\/jean-paul-jerome-2\/\",\"name\":\"Jean-Paul J\u00e9r\u00f4me - La Revente\",\"isPartOf\":{\"@id\":\"https:\/\/www.larevente.art\/en\/#website\"},\"primaryImageOfPage\":{\"@id\":\"https:\/\/www.larevente.art\/en\/product\/jean-paul-jerome-2\/#primaryimage\"},\"image\":{\"@id\":\"https:\/\/www.larevente.art\/en\/product\/jean-paul-jerome-2\/#primaryimage\"},\"thumbnailUrl\":\"https:\/\/www.larevente.art\/wp-content\/uploads\/2022\/08\/Jean-Paul-Jerome-Congo.jpg\",\"datePublished\":\"2022-08-16T15:32:04+00:00\",\"dateModified\":\"2022-08-16T15:35:57+00:00\",\"breadcrumb\":{\"@id\":\"https:\/\/www.larevente.art\/en\/product\/jean-paul-jerome-2\/#breadcrumb\"},\"inLanguage\":\"en-US\",\"potentialAction\":[{\"@type\":\"ReadAction\",\"target\":[\"https:\/\/www.larevente.art\/en\/product\/jean-paul-jerome-2\/\"]}]},{\"@type\":\"ImageObject\",\"inLanguage\":\"en-US\",\"@id\":\"https:\/\/www.larevente.art\/en\/product\/jean-paul-jerome-2\/#primaryimage\",\"url\":\"https:\/\/www.larevente.art\/wp-content\/uploads\/2022\/08\/Jean-Paul-Jerome-Congo.jpg\",\"contentUrl\":\"https:\/\/www.larevente.art\/wp-content\/uploads\/2022\/08\/Jean-Paul-Jerome-Congo.jpg\",\"width\":1536,\"height\":1857,\"caption\":\"Jean-Paul J\u00e9r\u00f4me\"},{\"@type\":\"BreadcrumbList\",\"@id\":\"https:\/\/www.larevente.art\/en\/product\/jean-paul-jerome-2\/#breadcrumb\",\"itemListElement\":[{\"@type\":\"ListItem\",\"position\":1,\"name\":\"Home\",\"item\":\"https:\/\/www.larevente.art\/en\/\"},{\"@type\":\"ListItem\",\"position\":2,\"name\":\"Collections\",\"item\":\"https:\/\/www.larevente.art\/en\/\"},{\"@type\":\"ListItem\",\"position\":3,\"name\":\"Jean-Paul J\u00e9r\u00f4me\"}]},{\"@type\":\"WebSite\",\"@id\":\"https:\/\/www.larevente.art\/en\/#website\",\"url\":\"https:\/\/www.larevente.art\/en\/\",\"name\":\"La Revente\",\"description\":\"Vendre et acheter des \u0153uvres d&#039;art en ligne\",\"publisher\":{\"@id\":\"https:\/\/www.larevente.art\/en\/#organization\"},\"potentialAction\":[{\"@type\":\"SearchAction\",\"target\":{\"@type\":\"EntryPoint\",\"urlTemplate\":\"https:\/\/www.larevente.art\/en\/?s={search_term_string}\"},\"query-input\":{\"@type\":\"PropertyValueSpecification\",\"valueRequired\":true,\"valueName\":\"search_term_string\"}}],\"inLanguage\":\"en-US\"},{\"@type\":\"Organization\",\"@id\":\"https:\/\/www.larevente.art\/en\/#organization\",\"name\":\"La Revente\",\"url\":\"https:\/\/www.larevente.art\/en\/\",\"logo\":{\"@type\":\"ImageObject\",\"inLanguage\":\"en-US\",\"@id\":\"https:\/\/www.larevente.art\/en\/#\/schema\/logo\/image\/\",\"url\":\"https:\/\/www.larevente.art\/wp-content\/uploads\/2019\/01\/logo@2x.png\",\"contentUrl\":\"https:\/\/www.larevente.art\/wp-content\/uploads\/2019\/01\/logo@2x.png\",\"width\":680,\"height\":312,\"caption\":\"La Revente\"},\"image\":{\"@id\":\"https:\/\/www.larevente.art\/en\/#\/schema\/logo\/image\/\"},\"sameAs\":[\"https:\/\/www.facebook.com\/larevente.art\",\"https:\/\/www.instagram.com\/larevente.art\"]}]}<\/script>\n<!-- \/ Yoast SEO plugin. -->","yoast_head_json":{"title":"Jean-Paul J\u00e9r\u00f4me - La Revente","robots":{"index":"index","follow":"follow","max-snippet":"max-snippet:-1","max-image-preview":"max-image-preview:large","max-video-preview":"max-video-preview:-1"},"canonical":"https:\/\/www.larevente.art\/en\/product\/jean-paul-jerome-2\/","og_locale":"en_US","og_type":"article","og_title":"Jean-Paul J\u00e9r\u00f4me - La Revente","og_description":"Jean-Paul J\u00e9r\u00f4me Congo, 1984 acrylic on linen 71 x 59,5 cm","og_url":"https:\/\/www.larevente.art\/en\/product\/jean-paul-jerome-2\/","og_site_name":"La Revente","article_publisher":"https:\/\/www.facebook.com\/larevente.art","article_modified_time":"2022-08-16T15:35:57+00:00","og_image":[{"width":1536,"height":1857,"url":"https:\/\/www.larevente.art\/wp-content\/uploads\/2022\/08\/Jean-Paul-Jerome-Congo.jpg","type":"image\/jpeg"}],"twitter_card":"summary_large_image","twitter_misc":{"Est. reading time":"1 minute"},"schema":{"@context":"https:\/\/schema.org","@graph":[{"@type":"WebPage","@id":"https:\/\/www.larevente.art\/en\/product\/jean-paul-jerome-2\/","url":"https:\/\/www.larevente.art\/en\/product\/jean-paul-jerome-2\/","name":"Jean-Paul J\u00e9r\u00f4me - La Revente","isPartOf":{"@id":"https:\/\/www.larevente.art\/en\/#website"},"primaryImageOfPage":{"@id":"https:\/\/www.larevente.art\/en\/product\/jean-paul-jerome-2\/#primaryimage"},"image":{"@id":"https:\/\/www.larevente.art\/en\/product\/jean-paul-jerome-2\/#primaryimage"},"thumbnailUrl":"https:\/\/www.larevente.art\/wp-content\/uploads\/2022\/08\/Jean-Paul-Jerome-Congo.jpg","datePublished":"2022-08-16T15:32:04+00:00","dateModified":"2022-08-16T15:35:57+00:00","breadcrumb":{"@id":"https:\/\/www.larevente.art\/en\/product\/jean-paul-jerome-2\/#breadcrumb"},"inLanguage":"en-US","potentialAction":[{"@type":"ReadAction","target":["https:\/\/www.larevente.art\/en\/product\/jean-paul-jerome-2\/"]}]},{"@type":"ImageObject","inLanguage":"en-US","@id":"https:\/\/www.larevente.art\/en\/product\/jean-paul-jerome-2\/#primaryimage","url":"https:\/\/www.larevente.art\/wp-content\/uploads\/2022\/08\/Jean-Paul-Jerome-Congo.jpg","contentUrl":"https:\/\/www.larevente.art\/wp-content\/uploads\/2022\/08\/Jean-Paul-Jerome-Congo.jpg","width":1536,"height":1857,"caption":"Jean-Paul J\u00e9r\u00f4me"},{"@type":"BreadcrumbList","@id":"https:\/\/www.larevente.art\/en\/product\/jean-paul-jerome-2\/#breadcrumb","itemListElement":[{"@type":"ListItem","position":1,"name":"Home","item":"https:\/\/www.larevente.art\/en\/"},{"@type":"ListItem","position":2,"name":"Collections","item":"https:\/\/www.larevente.art\/en\/"},{"@type":"ListItem","position":3,"name":"Jean-Paul J\u00e9r\u00f4me"}]},{"@type":"WebSite","@id":"https:\/\/www.larevente.art\/en\/#website","url":"https:\/\/www.larevente.art\/en\/","name":"La Revente","description":"Vendre et acheter des \u0153uvres d&#039;art en ligne","publisher":{"@id":"https:\/\/www.larevente.art\/en\/#organization"},"potentialAction":[{"@type":"SearchAction","target":{"@type":"EntryPoint","urlTemplate":"https:\/\/www.larevente.art\/en\/?s={search_term_string}"},"query-input":{"@type":"PropertyValueSpecification","valueRequired":true,"valueName":"search_term_string"}}],"inLanguage":"en-US"},{"@type":"Organization","@id":"https:\/\/www.larevente.art\/en\/#organization","name":"La Revente","url":"https:\/\/www.larevente.art\/en\/","logo":{"@type":"ImageObject","inLanguage":"en-US","@id":"https:\/\/www.larevente.art\/en\/#\/schema\/logo\/image\/","url":"https:\/\/www.larevente.art\/wp-content\/uploads\/2019\/01\/logo@2x.png","contentUrl":"https:\/\/www.larevente.art\/wp-content\/uploads\/2019\/01\/logo@2x.png","width":680,"height":312,"caption":"La Revente"},"image":{"@id":"https:\/\/www.larevente.art\/en\/#\/schema\/logo\/image\/"},"sameAs":["https:\/\/www.facebook.com\/larevente.art","https:\/\/www.instagram.com\/larevente.art"]}]}},"_links":{"self":[{"href":"https:\/\/www.larevente.art\/en\/wp-json\/wp\/v2\/product\/6869","targetHints":{"allow":["GET"]}}],"collection":[{"href":"https:\/\/www.larevente.art\/en\/wp-json\/wp\/v2\/product"}],"about":[{"href":"https:\/\/www.larevente.art\/en\/wp-json\/wp\/v2\/types\/product"}],"wp:featuredmedia":[{"embeddable":true,"href":"https:\/\/www.larevente.art\/en\/wp-json\/wp\/v2\/media\/6872"}],"wp:attachment":[{"href":"https:\/\/www.larevente.art\/en\/wp-json\/wp\/v2\/media?parent=6869"}],"wp:term":[{"taxonomy":"product_brand","embeddable":true,"href":"https:\/\/www.larevente.art\/en\/wp-json\/wp\/v2\/product_brand?post=6869"},{"taxonomy":"product_cat","embeddable":true,"href":"https:\/\/www.larevente.art\/en\/wp-json\/wp\/v2\/product_cat?post=6869"},{"taxonomy":"product_tag","embeddable":true,"href":"https:\/\/www.larevente.art\/en\/wp-json\/wp\/v2\/product_tag?post=6869"}],"curies":[{"name":"wp","href":"https:\/\/api.w.org\/{rel}","templated":true}]}}