{"id":6637,"date":"2021-08-11T18:55:53","date_gmt":"2021-08-11T18:55:53","guid":{"rendered":"https:\/\/www.larevente.art\/product\/irene-f-whittome-2\/"},"modified":"2021-08-11T19:17:15","modified_gmt":"2021-08-11T19:17:15","slug":"irene-f-whittome-2","status":"publish","type":"product","link":"https:\/\/www.larevente.art\/en\/product\/irene-f-whittome-2\/","title":{"rendered":"Irene F. Whittome"},"content":{"rendered":"<p>Irene F. Whittome was born in Vancouver, British Columbia in 1942. She has taught at Concordia University in Montreal from 1968 to 2007. She was a Masters Program associate since 1975 and became full professor in 1995. Lives and works in Montreal and Ogden, in Quebec\u2019s Eastern Townships. Between 1995 and 2000, works are the subject of four solo exhibitions in the institutional context: at the Centre international d\u2019art contemporain de Montr\u00e9al (CIAC) (1995), the Mus\u00e9e d\u2019art contemporain de Montr\u00e9al (1997), the Canadian Centre for Architecture (1998), and the Mus\u00e9e national des beaux-arts du Qu\u00e9bec (2000). In 2001, begins work in the Stanstead area to create Conversation Adru, presented at the Art Gallery of Bishop\u2019s University (now Foreman Art Gallery) (2004). In 2003, purchases a disused granite quarry in Ogden, in which she constructs a studio and works beginning in 2004.<\/p>\n<p>Irene F. Whittome has received many awards for artistic excellence, including the Victor-Martyn-Lynch-Staunton Award from the Canada Council of the Arts (1991), the Gershon Iskowitz Prize, Toronto (1992), the Prix Paul-\u00c9mile-Borduas from the Government of Quebec (1997), and the Governor General\u2019s Award in Visual and Media Arts (2002). In 2005, she was appointed an Officer of the Order of Canada. Her works are in the collections of Canada\u2019s major museums. Since 2005, she has been represented by Galerie Simon Blais in Montreal.<\/p>\n<p>Source: artist\u2019s web site \/http:\/\/irenefw.com\/<\/p>\n","protected":false},"excerpt":{"rendered":"<p>Irene Whittome<br \/>\n<em>No 7<\/em>, 1974<br \/>\nPhotography, soap boxes, ink and stemware<br \/>\n16.5 x 13.5 in<\/p>\n","protected":false},"featured_media":6634,"template":"","meta":[],"product_brand":[],"product_cat":[65,64,57,60,71],"product_tag":[],"class_list":{"0":"post-6637","1":"product","2":"type-product","3":"status-publish","4":"has-post-thumbnail","6":"product_cat-black-and-white-photography","7":"product_cat-mixed-media","8":"product_cat-photography","9":"product_cat-portrait-photography","10":"product_cat-works-on-paper","12":"first","13":"instock","14":"sold-individually","15":"taxable","16":"shipping-taxable","17":"purchasable","18":"product-type-simple"},"yoast_head":"<!-- This site is optimized with the Yoast SEO plugin v27.2 - https:\/\/yoast.com\/product\/yoast-seo-wordpress\/ -->\n<title>Irene F. Whittome - La Revente<\/title>\n<meta name=\"robots\" content=\"index, follow, max-snippet:-1, max-image-preview:large, max-video-preview:-1\" \/>\n<link rel=\"canonical\" href=\"https:\/\/www.larevente.art\/en\/product\/irene-f-whittome-2\/\" \/>\n<meta property=\"og:locale\" content=\"en_US\" \/>\n<meta property=\"og:type\" content=\"article\" \/>\n<meta property=\"og:title\" content=\"Irene F. Whittome - La Revente\" \/>\n<meta property=\"og:description\" content=\"Irene Whittome No 7, 1974 Photography, soap boxes, ink and stemware 16.5 x 13.5 in\" \/>\n<meta property=\"og:url\" content=\"https:\/\/www.larevente.art\/en\/product\/irene-f-whittome-2\/\" \/>\n<meta property=\"og:site_name\" content=\"La Revente\" \/>\n<meta property=\"article:publisher\" content=\"https:\/\/www.facebook.com\/larevente.art\" \/>\n<meta property=\"article:modified_time\" content=\"2021-08-11T19:17:15+00:00\" \/>\n<meta property=\"og:image\" content=\"https:\/\/www.larevente.art\/wp-content\/uploads\/2021\/08\/Irene-F-Whittome-no7.jpg\" \/>\n\t<meta property=\"og:image:width\" content=\"1536\" \/>\n\t<meta property=\"og:image:height\" content=\"1024\" \/>\n\t<meta property=\"og:image:type\" content=\"image\/jpeg\" \/>\n<meta name=\"twitter:card\" content=\"summary_large_image\" \/>\n<meta name=\"twitter:label1\" content=\"Est. reading time\" \/>\n\t<meta name=\"twitter:data1\" content=\"1 minute\" \/>\n<script type=\"application\/ld+json\" class=\"yoast-schema-graph\">{\"@context\":\"https:\/\/schema.org\",\"@graph\":[{\"@type\":\"WebPage\",\"@id\":\"https:\/\/www.larevente.art\/en\/product\/irene-f-whittome-2\/\",\"url\":\"https:\/\/www.larevente.art\/en\/product\/irene-f-whittome-2\/\",\"name\":\"Irene F. Whittome - La Revente\",\"isPartOf\":{\"@id\":\"https:\/\/www.larevente.art\/en\/#website\"},\"primaryImageOfPage\":{\"@id\":\"https:\/\/www.larevente.art\/en\/product\/irene-f-whittome-2\/#primaryimage\"},\"image\":{\"@id\":\"https:\/\/www.larevente.art\/en\/product\/irene-f-whittome-2\/#primaryimage\"},\"thumbnailUrl\":\"https:\/\/www.larevente.art\/wp-content\/uploads\/2021\/08\/Irene-F-Whittome-no7.jpg\",\"datePublished\":\"2021-08-11T18:55:53+00:00\",\"dateModified\":\"2021-08-11T19:17:15+00:00\",\"breadcrumb\":{\"@id\":\"https:\/\/www.larevente.art\/en\/product\/irene-f-whittome-2\/#breadcrumb\"},\"inLanguage\":\"en-US\",\"potentialAction\":[{\"@type\":\"ReadAction\",\"target\":[\"https:\/\/www.larevente.art\/en\/product\/irene-f-whittome-2\/\"]}]},{\"@type\":\"ImageObject\",\"inLanguage\":\"en-US\",\"@id\":\"https:\/\/www.larevente.art\/en\/product\/irene-f-whittome-2\/#primaryimage\",\"url\":\"https:\/\/www.larevente.art\/wp-content\/uploads\/2021\/08\/Irene-F-Whittome-no7.jpg\",\"contentUrl\":\"https:\/\/www.larevente.art\/wp-content\/uploads\/2021\/08\/Irene-F-Whittome-no7.jpg\",\"width\":1536,\"height\":1024,\"caption\":\"Irene F. Whittome\"},{\"@type\":\"BreadcrumbList\",\"@id\":\"https:\/\/www.larevente.art\/en\/product\/irene-f-whittome-2\/#breadcrumb\",\"itemListElement\":[{\"@type\":\"ListItem\",\"position\":1,\"name\":\"Home\",\"item\":\"https:\/\/www.larevente.art\/en\/\"},{\"@type\":\"ListItem\",\"position\":2,\"name\":\"Collections\",\"item\":\"https:\/\/www.larevente.art\/en\/\"},{\"@type\":\"ListItem\",\"position\":3,\"name\":\"Irene F. Whittome\"}]},{\"@type\":\"WebSite\",\"@id\":\"https:\/\/www.larevente.art\/en\/#website\",\"url\":\"https:\/\/www.larevente.art\/en\/\",\"name\":\"La Revente\",\"description\":\"Vendre et acheter des \u0153uvres d&#039;art en ligne\",\"publisher\":{\"@id\":\"https:\/\/www.larevente.art\/en\/#organization\"},\"potentialAction\":[{\"@type\":\"SearchAction\",\"target\":{\"@type\":\"EntryPoint\",\"urlTemplate\":\"https:\/\/www.larevente.art\/en\/?s={search_term_string}\"},\"query-input\":{\"@type\":\"PropertyValueSpecification\",\"valueRequired\":true,\"valueName\":\"search_term_string\"}}],\"inLanguage\":\"en-US\"},{\"@type\":\"Organization\",\"@id\":\"https:\/\/www.larevente.art\/en\/#organization\",\"name\":\"La Revente\",\"url\":\"https:\/\/www.larevente.art\/en\/\",\"logo\":{\"@type\":\"ImageObject\",\"inLanguage\":\"en-US\",\"@id\":\"https:\/\/www.larevente.art\/en\/#\/schema\/logo\/image\/\",\"url\":\"https:\/\/www.larevente.art\/wp-content\/uploads\/2019\/01\/logo@2x.png\",\"contentUrl\":\"https:\/\/www.larevente.art\/wp-content\/uploads\/2019\/01\/logo@2x.png\",\"width\":680,\"height\":312,\"caption\":\"La Revente\"},\"image\":{\"@id\":\"https:\/\/www.larevente.art\/en\/#\/schema\/logo\/image\/\"},\"sameAs\":[\"https:\/\/www.facebook.com\/larevente.art\",\"https:\/\/www.instagram.com\/larevente.art\"]}]}<\/script>\n<!-- \/ Yoast SEO plugin. -->","yoast_head_json":{"title":"Irene F. Whittome - La Revente","robots":{"index":"index","follow":"follow","max-snippet":"max-snippet:-1","max-image-preview":"max-image-preview:large","max-video-preview":"max-video-preview:-1"},"canonical":"https:\/\/www.larevente.art\/en\/product\/irene-f-whittome-2\/","og_locale":"en_US","og_type":"article","og_title":"Irene F. Whittome - La Revente","og_description":"Irene Whittome No 7, 1974 Photography, soap boxes, ink and stemware 16.5 x 13.5 in","og_url":"https:\/\/www.larevente.art\/en\/product\/irene-f-whittome-2\/","og_site_name":"La Revente","article_publisher":"https:\/\/www.facebook.com\/larevente.art","article_modified_time":"2021-08-11T19:17:15+00:00","og_image":[{"width":1536,"height":1024,"url":"https:\/\/www.larevente.art\/wp-content\/uploads\/2021\/08\/Irene-F-Whittome-no7.jpg","type":"image\/jpeg"}],"twitter_card":"summary_large_image","twitter_misc":{"Est. reading time":"1 minute"},"schema":{"@context":"https:\/\/schema.org","@graph":[{"@type":"WebPage","@id":"https:\/\/www.larevente.art\/en\/product\/irene-f-whittome-2\/","url":"https:\/\/www.larevente.art\/en\/product\/irene-f-whittome-2\/","name":"Irene F. Whittome - La Revente","isPartOf":{"@id":"https:\/\/www.larevente.art\/en\/#website"},"primaryImageOfPage":{"@id":"https:\/\/www.larevente.art\/en\/product\/irene-f-whittome-2\/#primaryimage"},"image":{"@id":"https:\/\/www.larevente.art\/en\/product\/irene-f-whittome-2\/#primaryimage"},"thumbnailUrl":"https:\/\/www.larevente.art\/wp-content\/uploads\/2021\/08\/Irene-F-Whittome-no7.jpg","datePublished":"2021-08-11T18:55:53+00:00","dateModified":"2021-08-11T19:17:15+00:00","breadcrumb":{"@id":"https:\/\/www.larevente.art\/en\/product\/irene-f-whittome-2\/#breadcrumb"},"inLanguage":"en-US","potentialAction":[{"@type":"ReadAction","target":["https:\/\/www.larevente.art\/en\/product\/irene-f-whittome-2\/"]}]},{"@type":"ImageObject","inLanguage":"en-US","@id":"https:\/\/www.larevente.art\/en\/product\/irene-f-whittome-2\/#primaryimage","url":"https:\/\/www.larevente.art\/wp-content\/uploads\/2021\/08\/Irene-F-Whittome-no7.jpg","contentUrl":"https:\/\/www.larevente.art\/wp-content\/uploads\/2021\/08\/Irene-F-Whittome-no7.jpg","width":1536,"height":1024,"caption":"Irene F. Whittome"},{"@type":"BreadcrumbList","@id":"https:\/\/www.larevente.art\/en\/product\/irene-f-whittome-2\/#breadcrumb","itemListElement":[{"@type":"ListItem","position":1,"name":"Home","item":"https:\/\/www.larevente.art\/en\/"},{"@type":"ListItem","position":2,"name":"Collections","item":"https:\/\/www.larevente.art\/en\/"},{"@type":"ListItem","position":3,"name":"Irene F. Whittome"}]},{"@type":"WebSite","@id":"https:\/\/www.larevente.art\/en\/#website","url":"https:\/\/www.larevente.art\/en\/","name":"La Revente","description":"Vendre et acheter des \u0153uvres d&#039;art en ligne","publisher":{"@id":"https:\/\/www.larevente.art\/en\/#organization"},"potentialAction":[{"@type":"SearchAction","target":{"@type":"EntryPoint","urlTemplate":"https:\/\/www.larevente.art\/en\/?s={search_term_string}"},"query-input":{"@type":"PropertyValueSpecification","valueRequired":true,"valueName":"search_term_string"}}],"inLanguage":"en-US"},{"@type":"Organization","@id":"https:\/\/www.larevente.art\/en\/#organization","name":"La Revente","url":"https:\/\/www.larevente.art\/en\/","logo":{"@type":"ImageObject","inLanguage":"en-US","@id":"https:\/\/www.larevente.art\/en\/#\/schema\/logo\/image\/","url":"https:\/\/www.larevente.art\/wp-content\/uploads\/2019\/01\/logo@2x.png","contentUrl":"https:\/\/www.larevente.art\/wp-content\/uploads\/2019\/01\/logo@2x.png","width":680,"height":312,"caption":"La Revente"},"image":{"@id":"https:\/\/www.larevente.art\/en\/#\/schema\/logo\/image\/"},"sameAs":["https:\/\/www.facebook.com\/larevente.art","https:\/\/www.instagram.com\/larevente.art"]}]}},"_links":{"self":[{"href":"https:\/\/www.larevente.art\/en\/wp-json\/wp\/v2\/product\/6637","targetHints":{"allow":["GET"]}}],"collection":[{"href":"https:\/\/www.larevente.art\/en\/wp-json\/wp\/v2\/product"}],"about":[{"href":"https:\/\/www.larevente.art\/en\/wp-json\/wp\/v2\/types\/product"}],"wp:featuredmedia":[{"embeddable":true,"href":"https:\/\/www.larevente.art\/en\/wp-json\/wp\/v2\/media\/6634"}],"wp:attachment":[{"href":"https:\/\/www.larevente.art\/en\/wp-json\/wp\/v2\/media?parent=6637"}],"wp:term":[{"taxonomy":"product_brand","embeddable":true,"href":"https:\/\/www.larevente.art\/en\/wp-json\/wp\/v2\/product_brand?post=6637"},{"taxonomy":"product_cat","embeddable":true,"href":"https:\/\/www.larevente.art\/en\/wp-json\/wp\/v2\/product_cat?post=6637"},{"taxonomy":"product_tag","embeddable":true,"href":"https:\/\/www.larevente.art\/en\/wp-json\/wp\/v2\/product_tag?post=6637"}],"curies":[{"name":"wp","href":"https:\/\/api.w.org\/{rel}","templated":true}]}}