{"id":6468,"date":"2021-04-09T17:30:56","date_gmt":"2021-04-09T17:30:56","guid":{"rendered":"https:\/\/www.larevente.art\/product\/laurence-vallieres\/"},"modified":"2021-08-06T17:00:09","modified_gmt":"2021-08-06T17:00:09","slug":"laurence-vallieres","status":"publish","type":"product","link":"https:\/\/www.larevente.art\/en\/product\/laurence-vallieres\/","title":{"rendered":"Laurence Valli\u00e8res"},"content":{"rendered":"<p>Born in Qu\u00e9bec city in 1986 Laurence Valli\u00e8res was discovered by the creation of large-scale sculptures in cardboard. She studied at Concordia University in visual arts before doing an exchange program in Los Angeles to further her knowledge in ceramics. It\u2019s only after graduation and doing an artist residency in Russia that she appropriated the street art influence in her work. <\/p>\n<p>By using cardboard, material that she finds in abundance in the street she can create large work on the spot in every part of the world she goes. In the past few years, Valli\u00e8res has spent much time outside of Canada, showing notably in The United States, Europe and Asia.<\/p>\n<p><a href=\"https:\/\/lauvallieres.com\">https:\/\/lauvallieres.com<\/a><\/p>\n","protected":false},"excerpt":{"rendered":"<p>Laurence Valli\u00e8res<br \/>\n<em>T\u00eate gorille<\/em>, 2012<br \/>\ncardboard<br \/>\n51 x 36 x 31 inches<\/p>\n","protected":false},"featured_media":6467,"template":"","meta":[],"product_brand":[],"product_cat":[63,61],"product_tag":[],"class_list":{"0":"post-6468","1":"product","2":"type-product","3":"status-publish","4":"has-post-thumbnail","6":"product_cat-figurative-sculptures","7":"product_cat-sculptures-en","9":"first","10":"outofstock","11":"sold-individually","12":"taxable","13":"shipping-taxable","14":"purchasable","15":"product-type-simple"},"yoast_head":"<!-- This site is optimized with the Yoast SEO plugin v27.2 - https:\/\/yoast.com\/product\/yoast-seo-wordpress\/ -->\n<title>Laurence Valli\u00e8res - La Revente<\/title>\n<meta name=\"robots\" content=\"index, follow, max-snippet:-1, max-image-preview:large, max-video-preview:-1\" \/>\n<link rel=\"canonical\" href=\"https:\/\/www.larevente.art\/en\/product\/laurence-vallieres\/\" \/>\n<meta property=\"og:locale\" content=\"en_US\" \/>\n<meta property=\"og:type\" content=\"article\" \/>\n<meta property=\"og:title\" content=\"Laurence Valli\u00e8res - La Revente\" \/>\n<meta property=\"og:description\" content=\"Laurence Valli\u00e8res  T\u00eate gorille, 2012 cardboard 51 x 36 x 31 inches\" \/>\n<meta property=\"og:url\" content=\"https:\/\/www.larevente.art\/en\/product\/laurence-vallieres\/\" \/>\n<meta property=\"og:site_name\" content=\"La Revente\" \/>\n<meta property=\"article:publisher\" content=\"https:\/\/www.facebook.com\/larevente.art\" \/>\n<meta property=\"article:modified_time\" content=\"2021-08-06T17:00:09+00:00\" \/>\n<meta property=\"og:image\" content=\"https:\/\/www.larevente.art\/wp-content\/uploads\/2021\/04\/Laurence-Vallieres.jpg\" \/>\n\t<meta property=\"og:image:width\" content=\"624\" \/>\n\t<meta property=\"og:image:height\" content=\"832\" \/>\n\t<meta property=\"og:image:type\" content=\"image\/jpeg\" \/>\n<meta name=\"twitter:card\" content=\"summary_large_image\" \/>\n<meta name=\"twitter:label1\" content=\"Est. reading time\" \/>\n\t<meta name=\"twitter:data1\" content=\"1 minute\" \/>\n<script type=\"application\/ld+json\" class=\"yoast-schema-graph\">{\"@context\":\"https:\/\/schema.org\",\"@graph\":[{\"@type\":\"WebPage\",\"@id\":\"https:\/\/www.larevente.art\/en\/product\/laurence-vallieres\/\",\"url\":\"https:\/\/www.larevente.art\/en\/product\/laurence-vallieres\/\",\"name\":\"Laurence Valli\u00e8res - La Revente\",\"isPartOf\":{\"@id\":\"https:\/\/www.larevente.art\/en\/#website\"},\"primaryImageOfPage\":{\"@id\":\"https:\/\/www.larevente.art\/en\/product\/laurence-vallieres\/#primaryimage\"},\"image\":{\"@id\":\"https:\/\/www.larevente.art\/en\/product\/laurence-vallieres\/#primaryimage\"},\"thumbnailUrl\":\"https:\/\/www.larevente.art\/wp-content\/uploads\/2021\/04\/Laurence-Vallieres.jpg\",\"datePublished\":\"2021-04-09T17:30:56+00:00\",\"dateModified\":\"2021-08-06T17:00:09+00:00\",\"breadcrumb\":{\"@id\":\"https:\/\/www.larevente.art\/en\/product\/laurence-vallieres\/#breadcrumb\"},\"inLanguage\":\"en-US\",\"potentialAction\":[{\"@type\":\"ReadAction\",\"target\":[\"https:\/\/www.larevente.art\/en\/product\/laurence-vallieres\/\"]}]},{\"@type\":\"ImageObject\",\"inLanguage\":\"en-US\",\"@id\":\"https:\/\/www.larevente.art\/en\/product\/laurence-vallieres\/#primaryimage\",\"url\":\"https:\/\/www.larevente.art\/wp-content\/uploads\/2021\/04\/Laurence-Vallieres.jpg\",\"contentUrl\":\"https:\/\/www.larevente.art\/wp-content\/uploads\/2021\/04\/Laurence-Vallieres.jpg\",\"width\":624,\"height\":832,\"caption\":\"Laurence Valli\u00e8res\"},{\"@type\":\"BreadcrumbList\",\"@id\":\"https:\/\/www.larevente.art\/en\/product\/laurence-vallieres\/#breadcrumb\",\"itemListElement\":[{\"@type\":\"ListItem\",\"position\":1,\"name\":\"Home\",\"item\":\"https:\/\/www.larevente.art\/en\/\"},{\"@type\":\"ListItem\",\"position\":2,\"name\":\"Collections\",\"item\":\"https:\/\/www.larevente.art\/en\/\"},{\"@type\":\"ListItem\",\"position\":3,\"name\":\"Laurence Valli\u00e8res\"}]},{\"@type\":\"WebSite\",\"@id\":\"https:\/\/www.larevente.art\/en\/#website\",\"url\":\"https:\/\/www.larevente.art\/en\/\",\"name\":\"La Revente\",\"description\":\"Vendre et acheter des \u0153uvres d&#039;art en ligne\",\"publisher\":{\"@id\":\"https:\/\/www.larevente.art\/en\/#organization\"},\"potentialAction\":[{\"@type\":\"SearchAction\",\"target\":{\"@type\":\"EntryPoint\",\"urlTemplate\":\"https:\/\/www.larevente.art\/en\/?s={search_term_string}\"},\"query-input\":{\"@type\":\"PropertyValueSpecification\",\"valueRequired\":true,\"valueName\":\"search_term_string\"}}],\"inLanguage\":\"en-US\"},{\"@type\":\"Organization\",\"@id\":\"https:\/\/www.larevente.art\/en\/#organization\",\"name\":\"La Revente\",\"url\":\"https:\/\/www.larevente.art\/en\/\",\"logo\":{\"@type\":\"ImageObject\",\"inLanguage\":\"en-US\",\"@id\":\"https:\/\/www.larevente.art\/en\/#\/schema\/logo\/image\/\",\"url\":\"https:\/\/www.larevente.art\/wp-content\/uploads\/2019\/01\/logo@2x.png\",\"contentUrl\":\"https:\/\/www.larevente.art\/wp-content\/uploads\/2019\/01\/logo@2x.png\",\"width\":680,\"height\":312,\"caption\":\"La Revente\"},\"image\":{\"@id\":\"https:\/\/www.larevente.art\/en\/#\/schema\/logo\/image\/\"},\"sameAs\":[\"https:\/\/www.facebook.com\/larevente.art\",\"https:\/\/www.instagram.com\/larevente.art\"]}]}<\/script>\n<!-- \/ Yoast SEO plugin. -->","yoast_head_json":{"title":"Laurence Valli\u00e8res - La Revente","robots":{"index":"index","follow":"follow","max-snippet":"max-snippet:-1","max-image-preview":"max-image-preview:large","max-video-preview":"max-video-preview:-1"},"canonical":"https:\/\/www.larevente.art\/en\/product\/laurence-vallieres\/","og_locale":"en_US","og_type":"article","og_title":"Laurence Valli\u00e8res - La Revente","og_description":"Laurence Valli\u00e8res  T\u00eate gorille, 2012 cardboard 51 x 36 x 31 inches","og_url":"https:\/\/www.larevente.art\/en\/product\/laurence-vallieres\/","og_site_name":"La Revente","article_publisher":"https:\/\/www.facebook.com\/larevente.art","article_modified_time":"2021-08-06T17:00:09+00:00","og_image":[{"width":624,"height":832,"url":"https:\/\/www.larevente.art\/wp-content\/uploads\/2021\/04\/Laurence-Vallieres.jpg","type":"image\/jpeg"}],"twitter_card":"summary_large_image","twitter_misc":{"Est. reading time":"1 minute"},"schema":{"@context":"https:\/\/schema.org","@graph":[{"@type":"WebPage","@id":"https:\/\/www.larevente.art\/en\/product\/laurence-vallieres\/","url":"https:\/\/www.larevente.art\/en\/product\/laurence-vallieres\/","name":"Laurence Valli\u00e8res - La Revente","isPartOf":{"@id":"https:\/\/www.larevente.art\/en\/#website"},"primaryImageOfPage":{"@id":"https:\/\/www.larevente.art\/en\/product\/laurence-vallieres\/#primaryimage"},"image":{"@id":"https:\/\/www.larevente.art\/en\/product\/laurence-vallieres\/#primaryimage"},"thumbnailUrl":"https:\/\/www.larevente.art\/wp-content\/uploads\/2021\/04\/Laurence-Vallieres.jpg","datePublished":"2021-04-09T17:30:56+00:00","dateModified":"2021-08-06T17:00:09+00:00","breadcrumb":{"@id":"https:\/\/www.larevente.art\/en\/product\/laurence-vallieres\/#breadcrumb"},"inLanguage":"en-US","potentialAction":[{"@type":"ReadAction","target":["https:\/\/www.larevente.art\/en\/product\/laurence-vallieres\/"]}]},{"@type":"ImageObject","inLanguage":"en-US","@id":"https:\/\/www.larevente.art\/en\/product\/laurence-vallieres\/#primaryimage","url":"https:\/\/www.larevente.art\/wp-content\/uploads\/2021\/04\/Laurence-Vallieres.jpg","contentUrl":"https:\/\/www.larevente.art\/wp-content\/uploads\/2021\/04\/Laurence-Vallieres.jpg","width":624,"height":832,"caption":"Laurence Valli\u00e8res"},{"@type":"BreadcrumbList","@id":"https:\/\/www.larevente.art\/en\/product\/laurence-vallieres\/#breadcrumb","itemListElement":[{"@type":"ListItem","position":1,"name":"Home","item":"https:\/\/www.larevente.art\/en\/"},{"@type":"ListItem","position":2,"name":"Collections","item":"https:\/\/www.larevente.art\/en\/"},{"@type":"ListItem","position":3,"name":"Laurence Valli\u00e8res"}]},{"@type":"WebSite","@id":"https:\/\/www.larevente.art\/en\/#website","url":"https:\/\/www.larevente.art\/en\/","name":"La Revente","description":"Vendre et acheter des \u0153uvres d&#039;art en ligne","publisher":{"@id":"https:\/\/www.larevente.art\/en\/#organization"},"potentialAction":[{"@type":"SearchAction","target":{"@type":"EntryPoint","urlTemplate":"https:\/\/www.larevente.art\/en\/?s={search_term_string}"},"query-input":{"@type":"PropertyValueSpecification","valueRequired":true,"valueName":"search_term_string"}}],"inLanguage":"en-US"},{"@type":"Organization","@id":"https:\/\/www.larevente.art\/en\/#organization","name":"La Revente","url":"https:\/\/www.larevente.art\/en\/","logo":{"@type":"ImageObject","inLanguage":"en-US","@id":"https:\/\/www.larevente.art\/en\/#\/schema\/logo\/image\/","url":"https:\/\/www.larevente.art\/wp-content\/uploads\/2019\/01\/logo@2x.png","contentUrl":"https:\/\/www.larevente.art\/wp-content\/uploads\/2019\/01\/logo@2x.png","width":680,"height":312,"caption":"La Revente"},"image":{"@id":"https:\/\/www.larevente.art\/en\/#\/schema\/logo\/image\/"},"sameAs":["https:\/\/www.facebook.com\/larevente.art","https:\/\/www.instagram.com\/larevente.art"]}]}},"_links":{"self":[{"href":"https:\/\/www.larevente.art\/en\/wp-json\/wp\/v2\/product\/6468","targetHints":{"allow":["GET"]}}],"collection":[{"href":"https:\/\/www.larevente.art\/en\/wp-json\/wp\/v2\/product"}],"about":[{"href":"https:\/\/www.larevente.art\/en\/wp-json\/wp\/v2\/types\/product"}],"wp:featuredmedia":[{"embeddable":true,"href":"https:\/\/www.larevente.art\/en\/wp-json\/wp\/v2\/media\/6467"}],"wp:attachment":[{"href":"https:\/\/www.larevente.art\/en\/wp-json\/wp\/v2\/media?parent=6468"}],"wp:term":[{"taxonomy":"product_brand","embeddable":true,"href":"https:\/\/www.larevente.art\/en\/wp-json\/wp\/v2\/product_brand?post=6468"},{"taxonomy":"product_cat","embeddable":true,"href":"https:\/\/www.larevente.art\/en\/wp-json\/wp\/v2\/product_cat?post=6468"},{"taxonomy":"product_tag","embeddable":true,"href":"https:\/\/www.larevente.art\/en\/wp-json\/wp\/v2\/product_tag?post=6468"}],"curies":[{"name":"wp","href":"https:\/\/api.w.org\/{rel}","templated":true}]}}