{"id":430,"date":"2019-01-07T19:50:48","date_gmt":"2019-01-07T19:50:48","guid":{"rendered":"https:\/\/www.larevente.art\/product\/john-heward-2\/"},"modified":"2021-03-09T19:07:24","modified_gmt":"2021-03-09T19:07:24","slug":"john-heward-2","status":"publish","type":"product","link":"https:\/\/www.larevente.art\/en\/product\/john-heward-2\/","title":{"rendered":"John Heward"},"content":{"rendered":"<p>Since the sixties, John Heward has pursued an intuitive and unique pictorial and sculptural practice. He is inspired by aesthetic codes borrowed as much from abstract expressionism as from minimal art. The artist alternates between artistic improvisation and methodical exploration. He favours the raw aspect of materials &#8211; canvases, rayon, vinyl, paper, bronze, steel and aluminum &#8211; and spontaneous gestures to achieve oscillation between abstraction and geometry. Beyond the formal boundaries of the frame and pedestal, Heward allows his work to occupy the real space of the exhibition through various modes of presentation where the object is constantly changing.<\/p>\n<p>Born in Montreal in 1934, John Heward has more than 40 solo exhibitions under his belt, including ones at the Atlanta Contemporary Art Center (Atlanta, 2011), the Museum of Contemporary Art (Toronto, 2009), the Paul Kuhn Gallery (Calgary, 2009) and at the Centre Culturel Canadien (Paris, 2000). In 2008, the Mus\u00e9e national des beaux-arts du Qu\u00e9bec did a major retrospective of his work. Among the major group exhibitions in which he participated were Traffic : Conceptual Art in Canada c. 1965 to 1980 (Toronto, Montreal, Halifax, Vancouver, 2010-2012), Qu\u00e9bec\/New York (New York, 2001), Peinture, Peinture (Montreal, 1998), La Biennale de Montr\u00e9al  (1998), and Les Cent jours d&#8217;art contemporain de Montr\u00e9al (1987). In 2012, he was the recipient of the prestigious Paul-\u00c9mile Borduas Award. The artist is represented by Galeries Bellemare Lambert in Montreal. <\/p>\n<p>Source of the text: <a href=\"http:\/\/fonderiedarling.org\">http:\/\/fonderiedarling.org<\/a><\/p>\n","protected":false},"excerpt":{"rendered":"<p>John Heward<br \/>\n<em>Sans titre<\/em>, 2000<br \/>\nacrylic on rayon<br \/>\n41 x 31.75 cm (16 x 12.5 in)<\/p>\n","protected":false},"featured_media":6271,"template":"","meta":[],"product_brand":[],"product_cat":[56,53],"product_tag":[],"class_list":{"0":"post-430","1":"product","2":"type-product","3":"status-publish","4":"has-post-thumbnail","6":"product_cat-figurative-paintings","7":"product_cat-paintings","9":"first","10":"instock","11":"sold-individually","12":"taxable","13":"shipping-taxable","14":"purchasable","15":"product-type-simple"},"yoast_head":"<!-- This site is optimized with the Yoast SEO plugin v27.2 - https:\/\/yoast.com\/product\/yoast-seo-wordpress\/ -->\n<title>John Heward - La Revente<\/title>\n<meta name=\"robots\" content=\"index, follow, max-snippet:-1, max-image-preview:large, max-video-preview:-1\" \/>\n<link rel=\"canonical\" href=\"https:\/\/www.larevente.art\/en\/product\/john-heward-2\/\" \/>\n<meta property=\"og:locale\" content=\"en_US\" \/>\n<meta property=\"og:type\" content=\"article\" \/>\n<meta property=\"og:title\" content=\"John Heward - La Revente\" \/>\n<meta property=\"og:description\" content=\"John Heward  Sans titre, 2000 acrylic on rayon 41 x 31.75 cm (16 x 12.5 in)\" \/>\n<meta property=\"og:url\" content=\"https:\/\/www.larevente.art\/en\/product\/john-heward-2\/\" \/>\n<meta property=\"og:site_name\" content=\"La Revente\" \/>\n<meta property=\"article:publisher\" content=\"https:\/\/www.facebook.com\/larevente.art\" \/>\n<meta property=\"article:modified_time\" content=\"2021-03-09T19:07:24+00:00\" \/>\n<meta property=\"og:image\" content=\"https:\/\/www.larevente.art\/wp-content\/uploads\/2019\/01\/01-John-Heward-Sans-titre-2000.jpg\" \/>\n\t<meta property=\"og:image:width\" content=\"1536\" \/>\n\t<meta property=\"og:image:height\" content=\"1024\" \/>\n\t<meta property=\"og:image:type\" content=\"image\/jpeg\" \/>\n<meta name=\"twitter:card\" content=\"summary_large_image\" \/>\n<meta name=\"twitter:label1\" content=\"Est. reading time\" \/>\n\t<meta name=\"twitter:data1\" content=\"1 minute\" \/>\n<script type=\"application\/ld+json\" class=\"yoast-schema-graph\">{\"@context\":\"https:\/\/schema.org\",\"@graph\":[{\"@type\":\"WebPage\",\"@id\":\"https:\/\/www.larevente.art\/en\/product\/john-heward-2\/\",\"url\":\"https:\/\/www.larevente.art\/en\/product\/john-heward-2\/\",\"name\":\"John Heward - La Revente\",\"isPartOf\":{\"@id\":\"https:\/\/www.larevente.art\/en\/#website\"},\"primaryImageOfPage\":{\"@id\":\"https:\/\/www.larevente.art\/en\/product\/john-heward-2\/#primaryimage\"},\"image\":{\"@id\":\"https:\/\/www.larevente.art\/en\/product\/john-heward-2\/#primaryimage\"},\"thumbnailUrl\":\"https:\/\/www.larevente.art\/wp-content\/uploads\/2019\/01\/01-John-Heward-Sans-titre-2000.jpg\",\"datePublished\":\"2019-01-07T19:50:48+00:00\",\"dateModified\":\"2021-03-09T19:07:24+00:00\",\"breadcrumb\":{\"@id\":\"https:\/\/www.larevente.art\/en\/product\/john-heward-2\/#breadcrumb\"},\"inLanguage\":\"en-US\",\"potentialAction\":[{\"@type\":\"ReadAction\",\"target\":[\"https:\/\/www.larevente.art\/en\/product\/john-heward-2\/\"]}]},{\"@type\":\"ImageObject\",\"inLanguage\":\"en-US\",\"@id\":\"https:\/\/www.larevente.art\/en\/product\/john-heward-2\/#primaryimage\",\"url\":\"https:\/\/www.larevente.art\/wp-content\/uploads\/2019\/01\/01-John-Heward-Sans-titre-2000.jpg\",\"contentUrl\":\"https:\/\/www.larevente.art\/wp-content\/uploads\/2019\/01\/01-John-Heward-Sans-titre-2000.jpg\",\"width\":1536,\"height\":1024},{\"@type\":\"BreadcrumbList\",\"@id\":\"https:\/\/www.larevente.art\/en\/product\/john-heward-2\/#breadcrumb\",\"itemListElement\":[{\"@type\":\"ListItem\",\"position\":1,\"name\":\"Home\",\"item\":\"https:\/\/www.larevente.art\/en\/\"},{\"@type\":\"ListItem\",\"position\":2,\"name\":\"Collections\",\"item\":\"https:\/\/www.larevente.art\/en\/\"},{\"@type\":\"ListItem\",\"position\":3,\"name\":\"John Heward\"}]},{\"@type\":\"WebSite\",\"@id\":\"https:\/\/www.larevente.art\/en\/#website\",\"url\":\"https:\/\/www.larevente.art\/en\/\",\"name\":\"La Revente\",\"description\":\"Vendre et acheter des \u0153uvres d&#039;art en ligne\",\"publisher\":{\"@id\":\"https:\/\/www.larevente.art\/en\/#organization\"},\"potentialAction\":[{\"@type\":\"SearchAction\",\"target\":{\"@type\":\"EntryPoint\",\"urlTemplate\":\"https:\/\/www.larevente.art\/en\/?s={search_term_string}\"},\"query-input\":{\"@type\":\"PropertyValueSpecification\",\"valueRequired\":true,\"valueName\":\"search_term_string\"}}],\"inLanguage\":\"en-US\"},{\"@type\":\"Organization\",\"@id\":\"https:\/\/www.larevente.art\/en\/#organization\",\"name\":\"La Revente\",\"url\":\"https:\/\/www.larevente.art\/en\/\",\"logo\":{\"@type\":\"ImageObject\",\"inLanguage\":\"en-US\",\"@id\":\"https:\/\/www.larevente.art\/en\/#\/schema\/logo\/image\/\",\"url\":\"https:\/\/www.larevente.art\/wp-content\/uploads\/2019\/01\/logo@2x.png\",\"contentUrl\":\"https:\/\/www.larevente.art\/wp-content\/uploads\/2019\/01\/logo@2x.png\",\"width\":680,\"height\":312,\"caption\":\"La Revente\"},\"image\":{\"@id\":\"https:\/\/www.larevente.art\/en\/#\/schema\/logo\/image\/\"},\"sameAs\":[\"https:\/\/www.facebook.com\/larevente.art\",\"https:\/\/www.instagram.com\/larevente.art\"]}]}<\/script>\n<!-- \/ Yoast SEO plugin. -->","yoast_head_json":{"title":"John Heward - La Revente","robots":{"index":"index","follow":"follow","max-snippet":"max-snippet:-1","max-image-preview":"max-image-preview:large","max-video-preview":"max-video-preview:-1"},"canonical":"https:\/\/www.larevente.art\/en\/product\/john-heward-2\/","og_locale":"en_US","og_type":"article","og_title":"John Heward - La Revente","og_description":"John Heward  Sans titre, 2000 acrylic on rayon 41 x 31.75 cm (16 x 12.5 in)","og_url":"https:\/\/www.larevente.art\/en\/product\/john-heward-2\/","og_site_name":"La Revente","article_publisher":"https:\/\/www.facebook.com\/larevente.art","article_modified_time":"2021-03-09T19:07:24+00:00","og_image":[{"width":1536,"height":1024,"url":"https:\/\/www.larevente.art\/wp-content\/uploads\/2019\/01\/01-John-Heward-Sans-titre-2000.jpg","type":"image\/jpeg"}],"twitter_card":"summary_large_image","twitter_misc":{"Est. reading time":"1 minute"},"schema":{"@context":"https:\/\/schema.org","@graph":[{"@type":"WebPage","@id":"https:\/\/www.larevente.art\/en\/product\/john-heward-2\/","url":"https:\/\/www.larevente.art\/en\/product\/john-heward-2\/","name":"John Heward - La Revente","isPartOf":{"@id":"https:\/\/www.larevente.art\/en\/#website"},"primaryImageOfPage":{"@id":"https:\/\/www.larevente.art\/en\/product\/john-heward-2\/#primaryimage"},"image":{"@id":"https:\/\/www.larevente.art\/en\/product\/john-heward-2\/#primaryimage"},"thumbnailUrl":"https:\/\/www.larevente.art\/wp-content\/uploads\/2019\/01\/01-John-Heward-Sans-titre-2000.jpg","datePublished":"2019-01-07T19:50:48+00:00","dateModified":"2021-03-09T19:07:24+00:00","breadcrumb":{"@id":"https:\/\/www.larevente.art\/en\/product\/john-heward-2\/#breadcrumb"},"inLanguage":"en-US","potentialAction":[{"@type":"ReadAction","target":["https:\/\/www.larevente.art\/en\/product\/john-heward-2\/"]}]},{"@type":"ImageObject","inLanguage":"en-US","@id":"https:\/\/www.larevente.art\/en\/product\/john-heward-2\/#primaryimage","url":"https:\/\/www.larevente.art\/wp-content\/uploads\/2019\/01\/01-John-Heward-Sans-titre-2000.jpg","contentUrl":"https:\/\/www.larevente.art\/wp-content\/uploads\/2019\/01\/01-John-Heward-Sans-titre-2000.jpg","width":1536,"height":1024},{"@type":"BreadcrumbList","@id":"https:\/\/www.larevente.art\/en\/product\/john-heward-2\/#breadcrumb","itemListElement":[{"@type":"ListItem","position":1,"name":"Home","item":"https:\/\/www.larevente.art\/en\/"},{"@type":"ListItem","position":2,"name":"Collections","item":"https:\/\/www.larevente.art\/en\/"},{"@type":"ListItem","position":3,"name":"John Heward"}]},{"@type":"WebSite","@id":"https:\/\/www.larevente.art\/en\/#website","url":"https:\/\/www.larevente.art\/en\/","name":"La Revente","description":"Vendre et acheter des \u0153uvres d&#039;art en ligne","publisher":{"@id":"https:\/\/www.larevente.art\/en\/#organization"},"potentialAction":[{"@type":"SearchAction","target":{"@type":"EntryPoint","urlTemplate":"https:\/\/www.larevente.art\/en\/?s={search_term_string}"},"query-input":{"@type":"PropertyValueSpecification","valueRequired":true,"valueName":"search_term_string"}}],"inLanguage":"en-US"},{"@type":"Organization","@id":"https:\/\/www.larevente.art\/en\/#organization","name":"La Revente","url":"https:\/\/www.larevente.art\/en\/","logo":{"@type":"ImageObject","inLanguage":"en-US","@id":"https:\/\/www.larevente.art\/en\/#\/schema\/logo\/image\/","url":"https:\/\/www.larevente.art\/wp-content\/uploads\/2019\/01\/logo@2x.png","contentUrl":"https:\/\/www.larevente.art\/wp-content\/uploads\/2019\/01\/logo@2x.png","width":680,"height":312,"caption":"La Revente"},"image":{"@id":"https:\/\/www.larevente.art\/en\/#\/schema\/logo\/image\/"},"sameAs":["https:\/\/www.facebook.com\/larevente.art","https:\/\/www.instagram.com\/larevente.art"]}]}},"_links":{"self":[{"href":"https:\/\/www.larevente.art\/en\/wp-json\/wp\/v2\/product\/430","targetHints":{"allow":["GET"]}}],"collection":[{"href":"https:\/\/www.larevente.art\/en\/wp-json\/wp\/v2\/product"}],"about":[{"href":"https:\/\/www.larevente.art\/en\/wp-json\/wp\/v2\/types\/product"}],"wp:featuredmedia":[{"embeddable":true,"href":"https:\/\/www.larevente.art\/en\/wp-json\/wp\/v2\/media\/6271"}],"wp:attachment":[{"href":"https:\/\/www.larevente.art\/en\/wp-json\/wp\/v2\/media?parent=430"}],"wp:term":[{"taxonomy":"product_brand","embeddable":true,"href":"https:\/\/www.larevente.art\/en\/wp-json\/wp\/v2\/product_brand?post=430"},{"taxonomy":"product_cat","embeddable":true,"href":"https:\/\/www.larevente.art\/en\/wp-json\/wp\/v2\/product_cat?post=430"},{"taxonomy":"product_tag","embeddable":true,"href":"https:\/\/www.larevente.art\/en\/wp-json\/wp\/v2\/product_tag?post=430"}],"curies":[{"name":"wp","href":"https:\/\/api.w.org\/{rel}","templated":true}]}}