{"id":2564,"date":"2019-09-11T14:57:40","date_gmt":"2019-09-11T14:57:40","guid":{"rendered":"https:\/\/www.larevente.art\/product\/marc-seguin\/"},"modified":"2019-09-11T15:13:33","modified_gmt":"2019-09-11T15:13:33","slug":"marc-seguin","status":"publish","type":"product","link":"https:\/\/www.larevente.art\/en\/product\/marc-seguin\/","title":{"rendered":"Marc S\u00e9guin"},"content":{"rendered":"<p>Marc S\u00e9guin<br \/>\n<em>\u00c9tude pour Windshield Washer Drinker<\/em>, 2003<br \/>\noil on canvas<br \/>\n46 x 61 cm (18 x 24 in)<\/p>\n","protected":false},"excerpt":{"rendered":"<p>Marc S\u00e9guin was born in Ottawa on March 20, 1970. He obtained his Bachelor of Fine Arts at Concordia University and now lives and works in Montreal and New York City. His first solo exhibition in 1996 presented large-scale works with amazing visual effects. This exhibition attracted favourable attention from critics and collectors, and his career was launched.<\/p>\n<p>A talented printmaker as well as a prolific painter, Marc S\u00e9guin was recognized by the curators of the Mus\u00e9e d&#8217;art contemporain de Montr\u00e9al in 1997 through his work in the now-famous group exhibit De fougue et de passion. They then invited him to hold a personal exhibition in 2000 (at only 29 years of age), which consisted of a series of large paintings on the theme of medieval rose windows. This exhibition was also held at the Canadian Cultural Centre in Paris during the summer of 2001, and toured Canada in 2003-2004.<\/p>\n<p>Since 2000, the Mus\u00e9e d\u2019art contemporain de Montr\u00e9al, the Montreal Museum of Fine Arts and the Mus\u00e9e national des beaux-arts du Qu\u00e9bec have all acquired major works by Marc S\u00e9guin. His prints and paintings can be found in numerous Canadian corporate collections and those of major private Canadian and American collectors. To date, Marc S\u00e9guin has held more than 20 solo shows and participated in many more group exhibitions and art fairs around the world, including Madrid, Barcelona, Venice, Berlin, Cologne, New York, Miami, Chicago, Brussels and Namur.<\/p>\n<p>Source: <a href=\"http:\/\/www.galeriesimonblais.com\/en\/artists\/contemporary\/seguin\">www.galeriesimonblais.com<\/a><\/p>\n","protected":false},"featured_media":6101,"template":"","meta":[],"product_brand":[],"product_cat":[56,53],"product_tag":[],"class_list":{"0":"post-2564","1":"product","2":"type-product","3":"status-publish","4":"has-post-thumbnail","6":"product_cat-figurative-paintings","7":"product_cat-paintings","9":"first","10":"instock","11":"sold-individually","12":"taxable","13":"shipping-taxable","14":"purchasable","15":"product-type-simple"},"yoast_head":"<!-- This site is optimized with the Yoast SEO plugin v27.2 - https:\/\/yoast.com\/product\/yoast-seo-wordpress\/ -->\n<title>Marc S\u00e9guin - La Revente<\/title>\n<meta name=\"robots\" content=\"index, follow, max-snippet:-1, max-image-preview:large, max-video-preview:-1\" \/>\n<link rel=\"canonical\" href=\"https:\/\/www.larevente.art\/en\/product\/marc-seguin\/\" \/>\n<meta property=\"og:locale\" content=\"en_US\" \/>\n<meta property=\"og:type\" content=\"article\" \/>\n<meta property=\"og:title\" content=\"Marc S\u00e9guin - La Revente\" \/>\n<meta property=\"og:description\" content=\"Marc S\u00e9guin was born in Ottawa on March 20, 1970. He obtained his Bachelor of Fine Arts at Concordia University and now lives and works in Montreal and New York City. His first solo exhibition in 1996 presented large-scale works with amazing visual effects. This exhibition attracted favourable attention from critics and collectors, and his career was launched.  A talented printmaker as well as a prolific painter, Marc S\u00e9guin was recognized by the curators of the Mus\u00e9e d&#039;art contemporain de Montr\u00e9al in 1997 through his work in the now-famous group exhibit De fougue et de passion. They then invited him to hold a personal exhibition in 2000 (at only 29 years of age), which consisted of a series of large paintings on the theme of medieval rose windows. This exhibition was also held at the Canadian Cultural Centre in Paris during the summer of 2001, and toured Canada in 2003-2004.  Since 2000, the Mus\u00e9e d\u2019art contemporain de Montr\u00e9al, the Montreal Museum of Fine Arts and the Mus\u00e9e national des beaux-arts du Qu\u00e9bec have all acquired major works by Marc S\u00e9guin. His prints and paintings can be found in numerous Canadian corporate collections and those of major private Canadian and American collectors. To date, Marc S\u00e9guin has held more than 20 solo shows and participated in many more group exhibitions and art fairs around the world, including Madrid, Barcelona, Venice, Berlin, Cologne, New York, Miami, Chicago, Brussels and Namur.  Source: www.galeriesimonblais.com\" \/>\n<meta property=\"og:url\" content=\"https:\/\/www.larevente.art\/en\/product\/marc-seguin\/\" \/>\n<meta property=\"og:site_name\" content=\"La Revente\" \/>\n<meta property=\"article:publisher\" content=\"https:\/\/www.facebook.com\/larevente.art\" \/>\n<meta property=\"article:modified_time\" content=\"2019-09-11T15:13:33+00:00\" \/>\n<meta property=\"og:image\" content=\"https:\/\/www.larevente.art\/wp-content\/uploads\/2019\/09\/01-Marc-Seguin.jpg\" \/>\n\t<meta property=\"og:image:width\" content=\"1536\" \/>\n\t<meta property=\"og:image:height\" content=\"1024\" \/>\n\t<meta property=\"og:image:type\" content=\"image\/jpeg\" \/>\n<meta name=\"twitter:card\" content=\"summary_large_image\" \/>\n<script type=\"application\/ld+json\" class=\"yoast-schema-graph\">{\"@context\":\"https:\/\/schema.org\",\"@graph\":[{\"@type\":\"WebPage\",\"@id\":\"https:\/\/www.larevente.art\/en\/product\/marc-seguin\/\",\"url\":\"https:\/\/www.larevente.art\/en\/product\/marc-seguin\/\",\"name\":\"Marc S\u00e9guin - La Revente\",\"isPartOf\":{\"@id\":\"https:\/\/www.larevente.art\/en\/#website\"},\"primaryImageOfPage\":{\"@id\":\"https:\/\/www.larevente.art\/en\/product\/marc-seguin\/#primaryimage\"},\"image\":{\"@id\":\"https:\/\/www.larevente.art\/en\/product\/marc-seguin\/#primaryimage\"},\"thumbnailUrl\":\"https:\/\/www.larevente.art\/wp-content\/uploads\/2019\/09\/01-Marc-Seguin.jpg\",\"datePublished\":\"2019-09-11T14:57:40+00:00\",\"dateModified\":\"2019-09-11T15:13:33+00:00\",\"breadcrumb\":{\"@id\":\"https:\/\/www.larevente.art\/en\/product\/marc-seguin\/#breadcrumb\"},\"inLanguage\":\"en-US\",\"potentialAction\":[{\"@type\":\"ReadAction\",\"target\":[\"https:\/\/www.larevente.art\/en\/product\/marc-seguin\/\"]}]},{\"@type\":\"ImageObject\",\"inLanguage\":\"en-US\",\"@id\":\"https:\/\/www.larevente.art\/en\/product\/marc-seguin\/#primaryimage\",\"url\":\"https:\/\/www.larevente.art\/wp-content\/uploads\/2019\/09\/01-Marc-Seguin.jpg\",\"contentUrl\":\"https:\/\/www.larevente.art\/wp-content\/uploads\/2019\/09\/01-Marc-Seguin.jpg\",\"width\":1536,\"height\":1024},{\"@type\":\"BreadcrumbList\",\"@id\":\"https:\/\/www.larevente.art\/en\/product\/marc-seguin\/#breadcrumb\",\"itemListElement\":[{\"@type\":\"ListItem\",\"position\":1,\"name\":\"Home\",\"item\":\"https:\/\/www.larevente.art\/en\/\"},{\"@type\":\"ListItem\",\"position\":2,\"name\":\"Collections\",\"item\":\"https:\/\/www.larevente.art\/en\/\"},{\"@type\":\"ListItem\",\"position\":3,\"name\":\"Marc S\u00e9guin\"}]},{\"@type\":\"WebSite\",\"@id\":\"https:\/\/www.larevente.art\/en\/#website\",\"url\":\"https:\/\/www.larevente.art\/en\/\",\"name\":\"La Revente\",\"description\":\"Vendre et acheter des \u0153uvres d&#039;art en ligne\",\"publisher\":{\"@id\":\"https:\/\/www.larevente.art\/en\/#organization\"},\"potentialAction\":[{\"@type\":\"SearchAction\",\"target\":{\"@type\":\"EntryPoint\",\"urlTemplate\":\"https:\/\/www.larevente.art\/en\/?s={search_term_string}\"},\"query-input\":{\"@type\":\"PropertyValueSpecification\",\"valueRequired\":true,\"valueName\":\"search_term_string\"}}],\"inLanguage\":\"en-US\"},{\"@type\":\"Organization\",\"@id\":\"https:\/\/www.larevente.art\/en\/#organization\",\"name\":\"La Revente\",\"url\":\"https:\/\/www.larevente.art\/en\/\",\"logo\":{\"@type\":\"ImageObject\",\"inLanguage\":\"en-US\",\"@id\":\"https:\/\/www.larevente.art\/en\/#\/schema\/logo\/image\/\",\"url\":\"https:\/\/www.larevente.art\/wp-content\/uploads\/2019\/01\/logo@2x.png\",\"contentUrl\":\"https:\/\/www.larevente.art\/wp-content\/uploads\/2019\/01\/logo@2x.png\",\"width\":680,\"height\":312,\"caption\":\"La Revente\"},\"image\":{\"@id\":\"https:\/\/www.larevente.art\/en\/#\/schema\/logo\/image\/\"},\"sameAs\":[\"https:\/\/www.facebook.com\/larevente.art\",\"https:\/\/www.instagram.com\/larevente.art\"]}]}<\/script>\n<!-- \/ Yoast SEO plugin. -->","yoast_head_json":{"title":"Marc S\u00e9guin - La Revente","robots":{"index":"index","follow":"follow","max-snippet":"max-snippet:-1","max-image-preview":"max-image-preview:large","max-video-preview":"max-video-preview:-1"},"canonical":"https:\/\/www.larevente.art\/en\/product\/marc-seguin\/","og_locale":"en_US","og_type":"article","og_title":"Marc S\u00e9guin - La Revente","og_description":"Marc S\u00e9guin was born in Ottawa on March 20, 1970. He obtained his Bachelor of Fine Arts at Concordia University and now lives and works in Montreal and New York City. His first solo exhibition in 1996 presented large-scale works with amazing visual effects. This exhibition attracted favourable attention from critics and collectors, and his career was launched.  A talented printmaker as well as a prolific painter, Marc S\u00e9guin was recognized by the curators of the Mus\u00e9e d'art contemporain de Montr\u00e9al in 1997 through his work in the now-famous group exhibit De fougue et de passion. They then invited him to hold a personal exhibition in 2000 (at only 29 years of age), which consisted of a series of large paintings on the theme of medieval rose windows. This exhibition was also held at the Canadian Cultural Centre in Paris during the summer of 2001, and toured Canada in 2003-2004.  Since 2000, the Mus\u00e9e d\u2019art contemporain de Montr\u00e9al, the Montreal Museum of Fine Arts and the Mus\u00e9e national des beaux-arts du Qu\u00e9bec have all acquired major works by Marc S\u00e9guin. His prints and paintings can be found in numerous Canadian corporate collections and those of major private Canadian and American collectors. To date, Marc S\u00e9guin has held more than 20 solo shows and participated in many more group exhibitions and art fairs around the world, including Madrid, Barcelona, Venice, Berlin, Cologne, New York, Miami, Chicago, Brussels and Namur.  Source: www.galeriesimonblais.com","og_url":"https:\/\/www.larevente.art\/en\/product\/marc-seguin\/","og_site_name":"La Revente","article_publisher":"https:\/\/www.facebook.com\/larevente.art","article_modified_time":"2019-09-11T15:13:33+00:00","og_image":[{"width":1536,"height":1024,"url":"https:\/\/www.larevente.art\/wp-content\/uploads\/2019\/09\/01-Marc-Seguin.jpg","type":"image\/jpeg"}],"twitter_card":"summary_large_image","schema":{"@context":"https:\/\/schema.org","@graph":[{"@type":"WebPage","@id":"https:\/\/www.larevente.art\/en\/product\/marc-seguin\/","url":"https:\/\/www.larevente.art\/en\/product\/marc-seguin\/","name":"Marc S\u00e9guin - La Revente","isPartOf":{"@id":"https:\/\/www.larevente.art\/en\/#website"},"primaryImageOfPage":{"@id":"https:\/\/www.larevente.art\/en\/product\/marc-seguin\/#primaryimage"},"image":{"@id":"https:\/\/www.larevente.art\/en\/product\/marc-seguin\/#primaryimage"},"thumbnailUrl":"https:\/\/www.larevente.art\/wp-content\/uploads\/2019\/09\/01-Marc-Seguin.jpg","datePublished":"2019-09-11T14:57:40+00:00","dateModified":"2019-09-11T15:13:33+00:00","breadcrumb":{"@id":"https:\/\/www.larevente.art\/en\/product\/marc-seguin\/#breadcrumb"},"inLanguage":"en-US","potentialAction":[{"@type":"ReadAction","target":["https:\/\/www.larevente.art\/en\/product\/marc-seguin\/"]}]},{"@type":"ImageObject","inLanguage":"en-US","@id":"https:\/\/www.larevente.art\/en\/product\/marc-seguin\/#primaryimage","url":"https:\/\/www.larevente.art\/wp-content\/uploads\/2019\/09\/01-Marc-Seguin.jpg","contentUrl":"https:\/\/www.larevente.art\/wp-content\/uploads\/2019\/09\/01-Marc-Seguin.jpg","width":1536,"height":1024},{"@type":"BreadcrumbList","@id":"https:\/\/www.larevente.art\/en\/product\/marc-seguin\/#breadcrumb","itemListElement":[{"@type":"ListItem","position":1,"name":"Home","item":"https:\/\/www.larevente.art\/en\/"},{"@type":"ListItem","position":2,"name":"Collections","item":"https:\/\/www.larevente.art\/en\/"},{"@type":"ListItem","position":3,"name":"Marc S\u00e9guin"}]},{"@type":"WebSite","@id":"https:\/\/www.larevente.art\/en\/#website","url":"https:\/\/www.larevente.art\/en\/","name":"La Revente","description":"Vendre et acheter des \u0153uvres d&#039;art en ligne","publisher":{"@id":"https:\/\/www.larevente.art\/en\/#organization"},"potentialAction":[{"@type":"SearchAction","target":{"@type":"EntryPoint","urlTemplate":"https:\/\/www.larevente.art\/en\/?s={search_term_string}"},"query-input":{"@type":"PropertyValueSpecification","valueRequired":true,"valueName":"search_term_string"}}],"inLanguage":"en-US"},{"@type":"Organization","@id":"https:\/\/www.larevente.art\/en\/#organization","name":"La Revente","url":"https:\/\/www.larevente.art\/en\/","logo":{"@type":"ImageObject","inLanguage":"en-US","@id":"https:\/\/www.larevente.art\/en\/#\/schema\/logo\/image\/","url":"https:\/\/www.larevente.art\/wp-content\/uploads\/2019\/01\/logo@2x.png","contentUrl":"https:\/\/www.larevente.art\/wp-content\/uploads\/2019\/01\/logo@2x.png","width":680,"height":312,"caption":"La Revente"},"image":{"@id":"https:\/\/www.larevente.art\/en\/#\/schema\/logo\/image\/"},"sameAs":["https:\/\/www.facebook.com\/larevente.art","https:\/\/www.instagram.com\/larevente.art"]}]}},"_links":{"self":[{"href":"https:\/\/www.larevente.art\/en\/wp-json\/wp\/v2\/product\/2564","targetHints":{"allow":["GET"]}}],"collection":[{"href":"https:\/\/www.larevente.art\/en\/wp-json\/wp\/v2\/product"}],"about":[{"href":"https:\/\/www.larevente.art\/en\/wp-json\/wp\/v2\/types\/product"}],"wp:featuredmedia":[{"embeddable":true,"href":"https:\/\/www.larevente.art\/en\/wp-json\/wp\/v2\/media\/6101"}],"wp:attachment":[{"href":"https:\/\/www.larevente.art\/en\/wp-json\/wp\/v2\/media?parent=2564"}],"wp:term":[{"taxonomy":"product_brand","embeddable":true,"href":"https:\/\/www.larevente.art\/en\/wp-json\/wp\/v2\/product_brand?post=2564"},{"taxonomy":"product_cat","embeddable":true,"href":"https:\/\/www.larevente.art\/en\/wp-json\/wp\/v2\/product_cat?post=2564"},{"taxonomy":"product_tag","embeddable":true,"href":"https:\/\/www.larevente.art\/en\/wp-json\/wp\/v2\/product_tag?post=2564"}],"curies":[{"name":"wp","href":"https:\/\/api.w.org\/{rel}","templated":true}]}}