{"id":1760,"date":"2019-08-07T19:41:49","date_gmt":"2019-08-07T19:41:49","guid":{"rendered":"https:\/\/www.larevente.art\/product\/alain-laframboise\/"},"modified":"2021-03-05T21:03:58","modified_gmt":"2021-03-05T21:03:58","slug":"alain-laframboise","status":"publish","type":"product","link":"https:\/\/www.larevente.art\/en\/product\/alain-laframboise\/","title":{"rendered":"Alain Laframboise"},"content":{"rendered":"<p>Alain Laframboise was born in Saint-Beno\u00eet-des-Deux-Montagnes in 1947. He earned a doctorate in philosophy and aesthetics in Paris X-Nanterre in 1980. He has taught art history and theory at the University of Montreal since 1976. He has exhibited his work from 1983 and has been represented by Galerie GRAFF since 1985. His paintings can be found in several public collections including the Mus\u00e9e d\u2019art contemporain de Montr\u00e9al, the Mus\u00e9e national des beaux-arts du Qu\u00e9bec, and The Canada Council Art Bank in addition to being shown in individual and group exhibitions across Canada and Europe. Alain Laframboise\u2019s body of work began by constructing &#8220;scenarios&#8221; within boxes of various sizes -three dimensional collages recalling, from Poussin to Duchamps, through to Cornell, representational forms. He has, since 1989, alternated between boxes and photography. His photographs offer perspectives and compositions which only they can disclose and reveal to the viewer.<\/p>\n<p>Source: <a href=\"http:\/\/www.graff.ca\/artists\/article\/alain-laframboise\">www.graff.ca<\/a><\/p>\n","protected":false},"excerpt":{"rendered":"<p>Alain Laframboise<br \/>\n<em>Untitled (Bombe)<\/em>, 1985<br \/>\nMixed media (wood, glass, metal)<br \/>\n58 x 49 x 43,5 cm<\/p>\n","protected":false},"featured_media":1754,"template":"","meta":[],"product_brand":[],"product_cat":[63,61],"product_tag":[],"class_list":{"0":"post-1760","1":"product","2":"type-product","3":"status-publish","4":"has-post-thumbnail","6":"product_cat-figurative-sculptures","7":"product_cat-sculptures-en","9":"first","10":"instock","11":"sold-individually","12":"taxable","13":"shipping-taxable","14":"purchasable","15":"product-type-simple"},"yoast_head":"<!-- This site is optimized with the Yoast SEO plugin v27.2 - https:\/\/yoast.com\/product\/yoast-seo-wordpress\/ -->\n<title>Alain Laframboise - La Revente<\/title>\n<meta name=\"robots\" content=\"index, follow, max-snippet:-1, max-image-preview:large, max-video-preview:-1\" \/>\n<link rel=\"canonical\" href=\"https:\/\/www.larevente.art\/en\/product\/alain-laframboise\/\" \/>\n<meta property=\"og:locale\" content=\"en_US\" \/>\n<meta property=\"og:type\" content=\"article\" \/>\n<meta property=\"og:title\" content=\"Alain Laframboise - La Revente\" \/>\n<meta property=\"og:description\" content=\"Alain Laframboise Untitled (Bombe), 1985 Mixed media (wood, glass, metal) 58 x 49 x 43,5 cm\" \/>\n<meta property=\"og:url\" content=\"https:\/\/www.larevente.art\/en\/product\/alain-laframboise\/\" \/>\n<meta property=\"og:site_name\" content=\"La Revente\" \/>\n<meta property=\"article:publisher\" content=\"https:\/\/www.facebook.com\/larevente.art\" \/>\n<meta property=\"article:modified_time\" content=\"2021-03-05T21:03:58+00:00\" \/>\n<meta property=\"og:image\" content=\"https:\/\/www.larevente.art\/wp-content\/uploads\/2019\/08\/01-Alain-Laframboise.jpg\" \/>\n\t<meta property=\"og:image:width\" content=\"602\" \/>\n\t<meta property=\"og:image:height\" content=\"712\" \/>\n\t<meta property=\"og:image:type\" content=\"image\/jpeg\" \/>\n<meta name=\"twitter:card\" content=\"summary_large_image\" \/>\n<meta name=\"twitter:label1\" content=\"Est. reading time\" \/>\n\t<meta name=\"twitter:data1\" content=\"1 minute\" \/>\n<script type=\"application\/ld+json\" class=\"yoast-schema-graph\">{\"@context\":\"https:\/\/schema.org\",\"@graph\":[{\"@type\":\"WebPage\",\"@id\":\"https:\/\/www.larevente.art\/en\/product\/alain-laframboise\/\",\"url\":\"https:\/\/www.larevente.art\/en\/product\/alain-laframboise\/\",\"name\":\"Alain Laframboise - La Revente\",\"isPartOf\":{\"@id\":\"https:\/\/www.larevente.art\/en\/#website\"},\"primaryImageOfPage\":{\"@id\":\"https:\/\/www.larevente.art\/en\/product\/alain-laframboise\/#primaryimage\"},\"image\":{\"@id\":\"https:\/\/www.larevente.art\/en\/product\/alain-laframboise\/#primaryimage\"},\"thumbnailUrl\":\"https:\/\/www.larevente.art\/wp-content\/uploads\/2019\/08\/01-Alain-Laframboise.jpg\",\"datePublished\":\"2019-08-07T19:41:49+00:00\",\"dateModified\":\"2021-03-05T21:03:58+00:00\",\"breadcrumb\":{\"@id\":\"https:\/\/www.larevente.art\/en\/product\/alain-laframboise\/#breadcrumb\"},\"inLanguage\":\"en-US\",\"potentialAction\":[{\"@type\":\"ReadAction\",\"target\":[\"https:\/\/www.larevente.art\/en\/product\/alain-laframboise\/\"]}]},{\"@type\":\"ImageObject\",\"inLanguage\":\"en-US\",\"@id\":\"https:\/\/www.larevente.art\/en\/product\/alain-laframboise\/#primaryimage\",\"url\":\"https:\/\/www.larevente.art\/wp-content\/uploads\/2019\/08\/01-Alain-Laframboise.jpg\",\"contentUrl\":\"https:\/\/www.larevente.art\/wp-content\/uploads\/2019\/08\/01-Alain-Laframboise.jpg\",\"width\":602,\"height\":712},{\"@type\":\"BreadcrumbList\",\"@id\":\"https:\/\/www.larevente.art\/en\/product\/alain-laframboise\/#breadcrumb\",\"itemListElement\":[{\"@type\":\"ListItem\",\"position\":1,\"name\":\"Home\",\"item\":\"https:\/\/www.larevente.art\/en\/\"},{\"@type\":\"ListItem\",\"position\":2,\"name\":\"Collections\",\"item\":\"https:\/\/www.larevente.art\/en\/\"},{\"@type\":\"ListItem\",\"position\":3,\"name\":\"Alain Laframboise\"}]},{\"@type\":\"WebSite\",\"@id\":\"https:\/\/www.larevente.art\/en\/#website\",\"url\":\"https:\/\/www.larevente.art\/en\/\",\"name\":\"La Revente\",\"description\":\"Vendre et acheter des \u0153uvres d&#039;art en ligne\",\"publisher\":{\"@id\":\"https:\/\/www.larevente.art\/en\/#organization\"},\"potentialAction\":[{\"@type\":\"SearchAction\",\"target\":{\"@type\":\"EntryPoint\",\"urlTemplate\":\"https:\/\/www.larevente.art\/en\/?s={search_term_string}\"},\"query-input\":{\"@type\":\"PropertyValueSpecification\",\"valueRequired\":true,\"valueName\":\"search_term_string\"}}],\"inLanguage\":\"en-US\"},{\"@type\":\"Organization\",\"@id\":\"https:\/\/www.larevente.art\/en\/#organization\",\"name\":\"La Revente\",\"url\":\"https:\/\/www.larevente.art\/en\/\",\"logo\":{\"@type\":\"ImageObject\",\"inLanguage\":\"en-US\",\"@id\":\"https:\/\/www.larevente.art\/en\/#\/schema\/logo\/image\/\",\"url\":\"https:\/\/www.larevente.art\/wp-content\/uploads\/2019\/01\/logo@2x.png\",\"contentUrl\":\"https:\/\/www.larevente.art\/wp-content\/uploads\/2019\/01\/logo@2x.png\",\"width\":680,\"height\":312,\"caption\":\"La Revente\"},\"image\":{\"@id\":\"https:\/\/www.larevente.art\/en\/#\/schema\/logo\/image\/\"},\"sameAs\":[\"https:\/\/www.facebook.com\/larevente.art\",\"https:\/\/www.instagram.com\/larevente.art\"]}]}<\/script>\n<!-- \/ Yoast SEO plugin. -->","yoast_head_json":{"title":"Alain Laframboise - La Revente","robots":{"index":"index","follow":"follow","max-snippet":"max-snippet:-1","max-image-preview":"max-image-preview:large","max-video-preview":"max-video-preview:-1"},"canonical":"https:\/\/www.larevente.art\/en\/product\/alain-laframboise\/","og_locale":"en_US","og_type":"article","og_title":"Alain Laframboise - La Revente","og_description":"Alain Laframboise Untitled (Bombe), 1985 Mixed media (wood, glass, metal) 58 x 49 x 43,5 cm","og_url":"https:\/\/www.larevente.art\/en\/product\/alain-laframboise\/","og_site_name":"La Revente","article_publisher":"https:\/\/www.facebook.com\/larevente.art","article_modified_time":"2021-03-05T21:03:58+00:00","og_image":[{"width":602,"height":712,"url":"https:\/\/www.larevente.art\/wp-content\/uploads\/2019\/08\/01-Alain-Laframboise.jpg","type":"image\/jpeg"}],"twitter_card":"summary_large_image","twitter_misc":{"Est. reading time":"1 minute"},"schema":{"@context":"https:\/\/schema.org","@graph":[{"@type":"WebPage","@id":"https:\/\/www.larevente.art\/en\/product\/alain-laframboise\/","url":"https:\/\/www.larevente.art\/en\/product\/alain-laframboise\/","name":"Alain Laframboise - La Revente","isPartOf":{"@id":"https:\/\/www.larevente.art\/en\/#website"},"primaryImageOfPage":{"@id":"https:\/\/www.larevente.art\/en\/product\/alain-laframboise\/#primaryimage"},"image":{"@id":"https:\/\/www.larevente.art\/en\/product\/alain-laframboise\/#primaryimage"},"thumbnailUrl":"https:\/\/www.larevente.art\/wp-content\/uploads\/2019\/08\/01-Alain-Laframboise.jpg","datePublished":"2019-08-07T19:41:49+00:00","dateModified":"2021-03-05T21:03:58+00:00","breadcrumb":{"@id":"https:\/\/www.larevente.art\/en\/product\/alain-laframboise\/#breadcrumb"},"inLanguage":"en-US","potentialAction":[{"@type":"ReadAction","target":["https:\/\/www.larevente.art\/en\/product\/alain-laframboise\/"]}]},{"@type":"ImageObject","inLanguage":"en-US","@id":"https:\/\/www.larevente.art\/en\/product\/alain-laframboise\/#primaryimage","url":"https:\/\/www.larevente.art\/wp-content\/uploads\/2019\/08\/01-Alain-Laframboise.jpg","contentUrl":"https:\/\/www.larevente.art\/wp-content\/uploads\/2019\/08\/01-Alain-Laframboise.jpg","width":602,"height":712},{"@type":"BreadcrumbList","@id":"https:\/\/www.larevente.art\/en\/product\/alain-laframboise\/#breadcrumb","itemListElement":[{"@type":"ListItem","position":1,"name":"Home","item":"https:\/\/www.larevente.art\/en\/"},{"@type":"ListItem","position":2,"name":"Collections","item":"https:\/\/www.larevente.art\/en\/"},{"@type":"ListItem","position":3,"name":"Alain Laframboise"}]},{"@type":"WebSite","@id":"https:\/\/www.larevente.art\/en\/#website","url":"https:\/\/www.larevente.art\/en\/","name":"La Revente","description":"Vendre et acheter des \u0153uvres d&#039;art en ligne","publisher":{"@id":"https:\/\/www.larevente.art\/en\/#organization"},"potentialAction":[{"@type":"SearchAction","target":{"@type":"EntryPoint","urlTemplate":"https:\/\/www.larevente.art\/en\/?s={search_term_string}"},"query-input":{"@type":"PropertyValueSpecification","valueRequired":true,"valueName":"search_term_string"}}],"inLanguage":"en-US"},{"@type":"Organization","@id":"https:\/\/www.larevente.art\/en\/#organization","name":"La Revente","url":"https:\/\/www.larevente.art\/en\/","logo":{"@type":"ImageObject","inLanguage":"en-US","@id":"https:\/\/www.larevente.art\/en\/#\/schema\/logo\/image\/","url":"https:\/\/www.larevente.art\/wp-content\/uploads\/2019\/01\/logo@2x.png","contentUrl":"https:\/\/www.larevente.art\/wp-content\/uploads\/2019\/01\/logo@2x.png","width":680,"height":312,"caption":"La Revente"},"image":{"@id":"https:\/\/www.larevente.art\/en\/#\/schema\/logo\/image\/"},"sameAs":["https:\/\/www.facebook.com\/larevente.art","https:\/\/www.instagram.com\/larevente.art"]}]}},"_links":{"self":[{"href":"https:\/\/www.larevente.art\/en\/wp-json\/wp\/v2\/product\/1760","targetHints":{"allow":["GET"]}}],"collection":[{"href":"https:\/\/www.larevente.art\/en\/wp-json\/wp\/v2\/product"}],"about":[{"href":"https:\/\/www.larevente.art\/en\/wp-json\/wp\/v2\/types\/product"}],"wp:featuredmedia":[{"embeddable":true,"href":"https:\/\/www.larevente.art\/en\/wp-json\/wp\/v2\/media\/1754"}],"wp:attachment":[{"href":"https:\/\/www.larevente.art\/en\/wp-json\/wp\/v2\/media?parent=1760"}],"wp:term":[{"taxonomy":"product_brand","embeddable":true,"href":"https:\/\/www.larevente.art\/en\/wp-json\/wp\/v2\/product_brand?post=1760"},{"taxonomy":"product_cat","embeddable":true,"href":"https:\/\/www.larevente.art\/en\/wp-json\/wp\/v2\/product_cat?post=1760"},{"taxonomy":"product_tag","embeddable":true,"href":"https:\/\/www.larevente.art\/en\/wp-json\/wp\/v2\/product_tag?post=1760"}],"curies":[{"name":"wp","href":"https:\/\/api.w.org\/{rel}","templated":true}]}}