{"id":141,"date":"2019-01-05T22:20:04","date_gmt":"2019-01-05T22:20:04","guid":{"rendered":"https:\/\/www.larevente.art\/product\/claude-tousignant-3\/"},"modified":"2021-03-06T21:26:48","modified_gmt":"2021-03-06T21:26:48","slug":"claude-tousignant-3","status":"publish","type":"product","link":"https:\/\/www.larevente.art\/en\/product\/claude-tousignant-3\/","title":{"rendered":"Claude Tousignant"},"content":{"rendered":"<p>Claude Tousignant is one of those very few artists whose lives have been dedicated exclusively to their art. At school, the only classes that interested him were drawing and geometry. In 1948, he entered the School of Art and Design at the Montreal Museum of Fine Arts. Of all his teachers, Gordon Webber (himself a former student of Laszlo Moholy-Nagy) was the most influential in guiding his career, as he introduced him to avant-garde art and modern art theories, particularly those of the Bauhaus. A great many exhibitions have been devoted to Tousignant\u2019s work. Among the most important are his first exhibition at the caf\u00e9 L\u2019\u00c9chourie, in 1955; the show at the Galerie l\u2019Actuelle in 1956; and The Responsive Eye, at New York\u2019s Museum of Modern Art in 1965. He represented Canada at the 8th Bienal de S\u00e3o Paulo in 1965. In the following years, the retrospective Claude Tousignant opened at the National Gallery of Canada in 1973, then travelled to galleries including the Mus\u00e9e d\u2019art contemporain, the Vancouver Art Gallery, the Art Gallery of Ontario and the Canadian Cultural Centre in Paris; Claude Tousignant: Sculptures was held at the Montreal Museum of Fine Arts in 1982; and Claude Tousignant: monochromes, 1978-1993 was presented at the Mus\u00e9e du Qu\u00e9bec in 1994. In addition to the 1973 retrospective, the Mus\u00e9e d\u2019art contemporain devoted an exhibition to him, titled Dyptiques 1978-1980, in 1980. A number of major museums have Tousignant works in their collections; among those that have kindly agreed to lend them to us for the duration of the exhibition are the National Gallery of Canada, the Mus\u00e9e national des beaux-arts du Qu\u00e9bec, the Montreal Museum of Fine Arts, the Mus\u00e9e d\u2019art de Joliette, the Leonard &#038; Bina Ellen Gallery of Concordia University, the Robert McLaughlin Gallery in Oshawa, the Nickle Arts Museum at the University of Calgary and the University of Lethbridge Art Gallery. Over the course of his career, Claude Tousignant has won the prestigious Victor Martyn Lynch-Staunton Award (presented by the Canada Council for the Arts for outstanding achievement by mid-career artists), in 1974, and the Prix Paul-\u00c9mile-Borduas (the highest visual-arts distinction awarded by the Qu\u00e9bec government), in 1989. He was also appointed an Officer of the Order of Canada in 1976.<\/p>\n","protected":false},"excerpt":{"rendered":"<p>Claude Tousignant<br \/>\n<em>Triptyque II<\/em>,1970<br \/>\nsilkscreen print<br \/>\n50 x 65 cm (20 x 25.5 in)<br \/>\nedition 107 of 150<\/p>\n","protected":false},"featured_media":6330,"template":"","meta":[],"product_brand":[],"product_cat":[51,50],"product_tag":[],"class_list":{"0":"post-141","1":"product","2":"type-product","3":"status-publish","4":"has-post-thumbnail","6":"product_cat-abstract-prints-and-engravings","7":"product_cat-prints-and-engravings","9":"first","10":"instock","11":"sold-individually","12":"taxable","13":"shipping-taxable","14":"purchasable","15":"product-type-simple"},"yoast_head":"<!-- This site is optimized with the Yoast SEO plugin v27.2 - https:\/\/yoast.com\/product\/yoast-seo-wordpress\/ -->\n<title>Claude Tousignant - La Revente<\/title>\n<meta name=\"robots\" content=\"index, follow, max-snippet:-1, max-image-preview:large, max-video-preview:-1\" \/>\n<link rel=\"canonical\" href=\"https:\/\/www.larevente.art\/en\/product\/claude-tousignant-3\/\" \/>\n<meta property=\"og:locale\" content=\"en_US\" \/>\n<meta property=\"og:type\" content=\"article\" \/>\n<meta property=\"og:title\" content=\"Claude Tousignant - La Revente\" \/>\n<meta property=\"og:description\" content=\"Claude Tousignant Triptyque II,1970 silkscreen print  50 x 65 cm (20 x 25.5 in) edition 107 of 150\" \/>\n<meta property=\"og:url\" content=\"https:\/\/www.larevente.art\/en\/product\/claude-tousignant-3\/\" \/>\n<meta property=\"og:site_name\" content=\"La Revente\" \/>\n<meta property=\"article:publisher\" content=\"https:\/\/www.facebook.com\/larevente.art\" \/>\n<meta property=\"article:modified_time\" content=\"2021-03-06T21:26:48+00:00\" \/>\n<meta property=\"og:image\" content=\"https:\/\/www.larevente.art\/wp-content\/uploads\/2019\/01\/01-Claude-Tousignant-Triptyque-II.jpg\" \/>\n\t<meta property=\"og:image:width\" content=\"1536\" \/>\n\t<meta property=\"og:image:height\" content=\"1163\" \/>\n\t<meta property=\"og:image:type\" content=\"image\/jpeg\" \/>\n<meta name=\"twitter:card\" content=\"summary_large_image\" \/>\n<meta name=\"twitter:label1\" content=\"Est. reading time\" \/>\n\t<meta name=\"twitter:data1\" content=\"2 minutes\" \/>\n<script type=\"application\/ld+json\" class=\"yoast-schema-graph\">{\"@context\":\"https:\/\/schema.org\",\"@graph\":[{\"@type\":\"WebPage\",\"@id\":\"https:\/\/www.larevente.art\/en\/product\/claude-tousignant-3\/\",\"url\":\"https:\/\/www.larevente.art\/en\/product\/claude-tousignant-3\/\",\"name\":\"Claude Tousignant - La Revente\",\"isPartOf\":{\"@id\":\"https:\/\/www.larevente.art\/en\/#website\"},\"primaryImageOfPage\":{\"@id\":\"https:\/\/www.larevente.art\/en\/product\/claude-tousignant-3\/#primaryimage\"},\"image\":{\"@id\":\"https:\/\/www.larevente.art\/en\/product\/claude-tousignant-3\/#primaryimage\"},\"thumbnailUrl\":\"https:\/\/www.larevente.art\/wp-content\/uploads\/2019\/01\/01-Claude-Tousignant-Triptyque-II.jpg\",\"datePublished\":\"2019-01-05T22:20:04+00:00\",\"dateModified\":\"2021-03-06T21:26:48+00:00\",\"breadcrumb\":{\"@id\":\"https:\/\/www.larevente.art\/en\/product\/claude-tousignant-3\/#breadcrumb\"},\"inLanguage\":\"en-US\",\"potentialAction\":[{\"@type\":\"ReadAction\",\"target\":[\"https:\/\/www.larevente.art\/en\/product\/claude-tousignant-3\/\"]}]},{\"@type\":\"ImageObject\",\"inLanguage\":\"en-US\",\"@id\":\"https:\/\/www.larevente.art\/en\/product\/claude-tousignant-3\/#primaryimage\",\"url\":\"https:\/\/www.larevente.art\/wp-content\/uploads\/2019\/01\/01-Claude-Tousignant-Triptyque-II.jpg\",\"contentUrl\":\"https:\/\/www.larevente.art\/wp-content\/uploads\/2019\/01\/01-Claude-Tousignant-Triptyque-II.jpg\",\"width\":1536,\"height\":1163,\"caption\":\"Claude Tousignant\"},{\"@type\":\"BreadcrumbList\",\"@id\":\"https:\/\/www.larevente.art\/en\/product\/claude-tousignant-3\/#breadcrumb\",\"itemListElement\":[{\"@type\":\"ListItem\",\"position\":1,\"name\":\"Home\",\"item\":\"https:\/\/www.larevente.art\/en\/\"},{\"@type\":\"ListItem\",\"position\":2,\"name\":\"Collections\",\"item\":\"https:\/\/www.larevente.art\/en\/\"},{\"@type\":\"ListItem\",\"position\":3,\"name\":\"Claude Tousignant\"}]},{\"@type\":\"WebSite\",\"@id\":\"https:\/\/www.larevente.art\/en\/#website\",\"url\":\"https:\/\/www.larevente.art\/en\/\",\"name\":\"La Revente\",\"description\":\"Vendre et acheter des \u0153uvres d&#039;art en ligne\",\"publisher\":{\"@id\":\"https:\/\/www.larevente.art\/en\/#organization\"},\"potentialAction\":[{\"@type\":\"SearchAction\",\"target\":{\"@type\":\"EntryPoint\",\"urlTemplate\":\"https:\/\/www.larevente.art\/en\/?s={search_term_string}\"},\"query-input\":{\"@type\":\"PropertyValueSpecification\",\"valueRequired\":true,\"valueName\":\"search_term_string\"}}],\"inLanguage\":\"en-US\"},{\"@type\":\"Organization\",\"@id\":\"https:\/\/www.larevente.art\/en\/#organization\",\"name\":\"La Revente\",\"url\":\"https:\/\/www.larevente.art\/en\/\",\"logo\":{\"@type\":\"ImageObject\",\"inLanguage\":\"en-US\",\"@id\":\"https:\/\/www.larevente.art\/en\/#\/schema\/logo\/image\/\",\"url\":\"https:\/\/www.larevente.art\/wp-content\/uploads\/2019\/01\/logo@2x.png\",\"contentUrl\":\"https:\/\/www.larevente.art\/wp-content\/uploads\/2019\/01\/logo@2x.png\",\"width\":680,\"height\":312,\"caption\":\"La Revente\"},\"image\":{\"@id\":\"https:\/\/www.larevente.art\/en\/#\/schema\/logo\/image\/\"},\"sameAs\":[\"https:\/\/www.facebook.com\/larevente.art\",\"https:\/\/www.instagram.com\/larevente.art\"]}]}<\/script>\n<!-- \/ Yoast SEO plugin. -->","yoast_head_json":{"title":"Claude Tousignant - La Revente","robots":{"index":"index","follow":"follow","max-snippet":"max-snippet:-1","max-image-preview":"max-image-preview:large","max-video-preview":"max-video-preview:-1"},"canonical":"https:\/\/www.larevente.art\/en\/product\/claude-tousignant-3\/","og_locale":"en_US","og_type":"article","og_title":"Claude Tousignant - La Revente","og_description":"Claude Tousignant Triptyque II,1970 silkscreen print  50 x 65 cm (20 x 25.5 in) edition 107 of 150","og_url":"https:\/\/www.larevente.art\/en\/product\/claude-tousignant-3\/","og_site_name":"La Revente","article_publisher":"https:\/\/www.facebook.com\/larevente.art","article_modified_time":"2021-03-06T21:26:48+00:00","og_image":[{"width":1536,"height":1163,"url":"https:\/\/www.larevente.art\/wp-content\/uploads\/2019\/01\/01-Claude-Tousignant-Triptyque-II.jpg","type":"image\/jpeg"}],"twitter_card":"summary_large_image","twitter_misc":{"Est. reading time":"2 minutes"},"schema":{"@context":"https:\/\/schema.org","@graph":[{"@type":"WebPage","@id":"https:\/\/www.larevente.art\/en\/product\/claude-tousignant-3\/","url":"https:\/\/www.larevente.art\/en\/product\/claude-tousignant-3\/","name":"Claude Tousignant - La Revente","isPartOf":{"@id":"https:\/\/www.larevente.art\/en\/#website"},"primaryImageOfPage":{"@id":"https:\/\/www.larevente.art\/en\/product\/claude-tousignant-3\/#primaryimage"},"image":{"@id":"https:\/\/www.larevente.art\/en\/product\/claude-tousignant-3\/#primaryimage"},"thumbnailUrl":"https:\/\/www.larevente.art\/wp-content\/uploads\/2019\/01\/01-Claude-Tousignant-Triptyque-II.jpg","datePublished":"2019-01-05T22:20:04+00:00","dateModified":"2021-03-06T21:26:48+00:00","breadcrumb":{"@id":"https:\/\/www.larevente.art\/en\/product\/claude-tousignant-3\/#breadcrumb"},"inLanguage":"en-US","potentialAction":[{"@type":"ReadAction","target":["https:\/\/www.larevente.art\/en\/product\/claude-tousignant-3\/"]}]},{"@type":"ImageObject","inLanguage":"en-US","@id":"https:\/\/www.larevente.art\/en\/product\/claude-tousignant-3\/#primaryimage","url":"https:\/\/www.larevente.art\/wp-content\/uploads\/2019\/01\/01-Claude-Tousignant-Triptyque-II.jpg","contentUrl":"https:\/\/www.larevente.art\/wp-content\/uploads\/2019\/01\/01-Claude-Tousignant-Triptyque-II.jpg","width":1536,"height":1163,"caption":"Claude Tousignant"},{"@type":"BreadcrumbList","@id":"https:\/\/www.larevente.art\/en\/product\/claude-tousignant-3\/#breadcrumb","itemListElement":[{"@type":"ListItem","position":1,"name":"Home","item":"https:\/\/www.larevente.art\/en\/"},{"@type":"ListItem","position":2,"name":"Collections","item":"https:\/\/www.larevente.art\/en\/"},{"@type":"ListItem","position":3,"name":"Claude Tousignant"}]},{"@type":"WebSite","@id":"https:\/\/www.larevente.art\/en\/#website","url":"https:\/\/www.larevente.art\/en\/","name":"La Revente","description":"Vendre et acheter des \u0153uvres d&#039;art en ligne","publisher":{"@id":"https:\/\/www.larevente.art\/en\/#organization"},"potentialAction":[{"@type":"SearchAction","target":{"@type":"EntryPoint","urlTemplate":"https:\/\/www.larevente.art\/en\/?s={search_term_string}"},"query-input":{"@type":"PropertyValueSpecification","valueRequired":true,"valueName":"search_term_string"}}],"inLanguage":"en-US"},{"@type":"Organization","@id":"https:\/\/www.larevente.art\/en\/#organization","name":"La Revente","url":"https:\/\/www.larevente.art\/en\/","logo":{"@type":"ImageObject","inLanguage":"en-US","@id":"https:\/\/www.larevente.art\/en\/#\/schema\/logo\/image\/","url":"https:\/\/www.larevente.art\/wp-content\/uploads\/2019\/01\/logo@2x.png","contentUrl":"https:\/\/www.larevente.art\/wp-content\/uploads\/2019\/01\/logo@2x.png","width":680,"height":312,"caption":"La Revente"},"image":{"@id":"https:\/\/www.larevente.art\/en\/#\/schema\/logo\/image\/"},"sameAs":["https:\/\/www.facebook.com\/larevente.art","https:\/\/www.instagram.com\/larevente.art"]}]}},"_links":{"self":[{"href":"https:\/\/www.larevente.art\/en\/wp-json\/wp\/v2\/product\/141","targetHints":{"allow":["GET"]}}],"collection":[{"href":"https:\/\/www.larevente.art\/en\/wp-json\/wp\/v2\/product"}],"about":[{"href":"https:\/\/www.larevente.art\/en\/wp-json\/wp\/v2\/types\/product"}],"wp:featuredmedia":[{"embeddable":true,"href":"https:\/\/www.larevente.art\/en\/wp-json\/wp\/v2\/media\/6330"}],"wp:attachment":[{"href":"https:\/\/www.larevente.art\/en\/wp-json\/wp\/v2\/media?parent=141"}],"wp:term":[{"taxonomy":"product_brand","embeddable":true,"href":"https:\/\/www.larevente.art\/en\/wp-json\/wp\/v2\/product_brand?post=141"},{"taxonomy":"product_cat","embeddable":true,"href":"https:\/\/www.larevente.art\/en\/wp-json\/wp\/v2\/product_cat?post=141"},{"taxonomy":"product_tag","embeddable":true,"href":"https:\/\/www.larevente.art\/en\/wp-json\/wp\/v2\/product_tag?post=141"}],"curies":[{"name":"wp","href":"https:\/\/api.w.org\/{rel}","templated":true}]}}